{"id":1618,"date":"2021-10-21T10:21:03","date_gmt":"2021-10-21T08:21:03","guid":{"rendered":"https:\/\/quartiere-immobilien.de\/imprint\/"},"modified":"2023-06-01T16:00:44","modified_gmt":"2023-06-01T14:00:44","slug":"imprint","status":"publish","type":"page","link":"https:\/\/quartiere-immobilien.de\/en\/imprint\/","title":{"rendered":"Imprint"},"content":{"rendered":"<div class=\"wpb-content-wrapper\"><p>[vc_row][vc_column]\n\t\t\t<!-- START sliderimprint REVOLUTION SLIDER 6.7.35 --><p class=\"rs-p-wp-fix\"><\/p>\n\t\t\t<rs-module-wrap id=\"rev_slider_20_1_wrapper\" data-source=\"gallery\" style=\"visibility:hidden;background:transparent;padding:0;margin:0px auto;margin-top:0;margin-bottom:0;background-image:url(https:\/\/quartiere-immobilien.de\/wp-content\/uploads\/ulrike-kuepper-1529_saskia-nathalie-betz_header.jpg);background-repeat:no-repeat;background-size:cover;background-position:center top;\">\n\t\t\t\t<rs-module id=\"rev_slider_20_1\" style=\"\" data-version=\"6.7.35\">\n\t\t\t\t\t<rs-slides style=\"overflow: hidden; position: absolute;\">\n\t\t\t\t\t\t<rs-slide style=\"position: absolute;\" data-key=\"rs-20\" data-title=\"Slide\" data-anim=\"adpr:false;\" data-in=\"o:0;\" data-out=\"a:false;\">\n\t\t\t\t\t\t\t<img decoding=\"async\" src=\"\/\/quartiere-immobilien.de\/wp-content\/plugins\/revslider\/sr6\/assets\/assets\/dummy.png\" alt=\"Slide\" title=\"Imprint\" class=\"rev-slidebg tp-rs-img rs-lazyload\" data-lazyload=\"\/\/quartiere-immobilien.de\/wp-content\/plugins\/revslider\/sr6\/assets\/assets\/transparent.png\" data-no-retina>\n<!--\n\t\t\t\t\t\t\t--><rs-layer\n\t\t\t\t\t\t\t\tid=\"slider-20-slide-20-layer-0\" \n\t\t\t\t\t\t\t\tclass=\"slidercustomfont\"\n\t\t\t\t\t\t\t\tdata-type=\"text\"\n\t\t\t\t\t\t\t\tdata-color=\"#473332\"\n\t\t\t\t\t\t\t\tdata-rsp_ch=\"on\"\n\t\t\t\t\t\t\t\tdata-xy=\"x:320px;y:190px;\"\n\t\t\t\t\t\t\t\tdata-text=\"w:normal;s:60;l:60;ls:2;\"\n\t\t\t\t\t\t\t\tdata-dim=\"minh:0;\"\n\t\t\t\t\t\t\t\tdata-frame_999=\"o:0;st:w;\"\n\t\t\t\t\t\t\t\tstyle=\"z-index:9;font-family:'Istok Web';\"\n\t\t\t\t\t\t\t>Imprint \n\t\t\t\t\t\t\t<\/rs-layer><!--\n-->\t\t\t\t\t<\/rs-slide>\n\t\t\t\t\t<\/rs-slides>\n\t\t\t\t<\/rs-module>\n\t\t\t\t<script>\n\t\t\t\t\tsetREVStartSize({c: 'rev_slider_20_1',rl:[1240,1024,778,480],el:[450],gw:[1240],gh:[450],type:'hero',justify:'',layout:'fullwidth',mh:\"0\"});if (window.RS_MODULES!==undefined && window.RS_MODULES.modules!==undefined && window.RS_MODULES.modules[\"revslider201\"]!==undefined) {window.RS_MODULES.modules[\"revslider201\"].once = false;window.revapi20 = undefined;if (window.RS_MODULES.checkMinimal!==undefined) window.RS_MODULES.checkMinimal()}\n\t\t\t\t<\/script>\n\t\t\t<\/rs-module-wrap>\n\t\t\t<!-- END REVOLUTION SLIDER -->\n[\/vc_column][\/vc_row][vc_row css=&#8221;.vc_custom_1592379858836{padding-top: 90px !important;padding-bottom: 40px !important;}&#8221;][vc_column width=&#8221;1\/2&#8243; css=&#8221;.vc_custom_1592734016310{padding-bottom: 40px !important;}&#8221; col_shadow=&#8221;box_shadow_enable:disable|shadow_horizontal:0|shadow_vertical:15|shadow_blur:50|shadow_spread:0|box_shadow_color:rgba(0%2C0%2C0%2C0.35)&#8221; col_shadow_hover=&#8221;box_shadow_enable:disable|shadow_horizontal:0|shadow_vertical:15|shadow_blur:50|shadow_spread:0|box_shadow_color:rgba(0%2C0%2C0%2C0.35)&#8221;]<div class=\"dfd-heading-shortcode\"><div class=\"dfd-heading-module-wrap  text-left style_08 dfd-heading-69ef501f224f6 dfd-disable-resposive-headings\" id=\"dfd-heading-69ef501f224f6\" ><div class=\"inline-block\"><div class=\"dfd-heading-module\"><h2 class=\"widget-sub-title dfd-sub-title \" style=\"\">Information according to German \u00a7 5 TMG<\/h2><div class=\"title-wrap\"><div class=\"dfd-heading-delimiter\"><\/div><h2 class=\"widget-title dfd-title \" style=\"\">Imprint<\/p>\n<p><\/h2><\/div><\/div><\/div><\/div><script type=\"text\/javascript\">\r\n\t\t\t\t\t\t\t\t\t(function($) {\r\n\t\t\t\t\t\t\t\t\t\t$(\"head\").append(\"<style>.dfd-heading-69ef501f224f6.dfd-heading-module-wrap .dfd-heading-module .dfd-heading-delimiter {border-bottom-style:solid;border-bottom-width:2px;width:55px;border-bottom-color:#b33202;}.dfd-heading-69ef501f224f6.dfd-heading-module-wrap .dfd-heading-module .dfd-heading-delimiter {margin-top:10px;margin-bottom:10px;}@media only screen and (max-width: 799px) {.dfd-heading-69ef501f224f6 {text-align: left;}}<\/style>\");\r\n\t\t\t\t\t\t\t\t\t})(jQuery);\r\n\t\t\t\t\t\t\t\t<\/script><\/div>[\/vc_column][vc_column width=&#8221;1\/2&#8243;][vc_column_text css=&#8221;.vc_custom_1685628041556{padding-top: 0px !important;}&#8221;]<\/p>\n<h3>Quartiere Ulrike K\u00fcpper<\/h3>\n<p>Von-der-Tann-Stra\u00dfe 8 <br role=\"presentation\" \/><span dir=\"ltr\" role=\"presentation\">80539 M\u00fcnchen<\/span><br \/>\nGermany<\/p>\n<p><strong>Represented by<\/strong><br \/>\nUlrike K\u00fcpper<\/p>\n<p><strong>Contact<\/strong><br \/>\nPhone: +49 172 811 95 18<br \/>\nEmail: <a href=\"mailto:kuepper@quartiere-immobilien.de\">kuepper@quartiere-immobilien.de<\/a><\/p>\n<p><strong>Umsatzsteuer-ID<br \/>\n<\/strong>Umsatzsteuer-Identifikationsnummer according to German \u00a727a Umsatzsteuergesetz:<br \/>\nDE 219747492<\/p>\n<p><strong>Supervisory authority<\/strong><br \/>\nState capital Munich Kreisverwaltungsreferat<br \/>\n[Activity subject to authorisation according to German \u00a7 34c GewO]<\/p>\n<p><strong>Responsible for the content to German \u00a755 Abs. 2 RStV<br \/>\n<\/strong>Ulrike K\u00fcpper<br \/>\nVon-der-Tann-Stra\u00dfe 8 <br role=\"presentation\" \/><span dir=\"ltr\" role=\"presentation\">80539 M\u00fcnchen<\/span><br \/>\nGermany[\/vc_column_text][\/vc_column][\/vc_row][vc_row css=&#8221;.vc_custom_1592379858836{padding-top: 90px !important;padding-bottom: 40px !important;}&#8221;][vc_column width=&#8221;1\/2&#8243; css=&#8221;.vc_custom_1592734060894{padding-bottom: 40px !important;}&#8221; col_shadow=&#8221;box_shadow_enable:disable|shadow_horizontal:0|shadow_vertical:15|shadow_blur:50|shadow_spread:0|box_shadow_color:rgba(0%2C0%2C0%2C0.35)&#8221; col_shadow_hover=&#8221;box_shadow_enable:disable|shadow_horizontal:0|shadow_vertical:15|shadow_blur:50|shadow_spread:0|box_shadow_color:rgba(0%2C0%2C0%2C0.35)&#8221;]<div class=\"dfd-heading-shortcode\"><div class=\"dfd-heading-module-wrap  text-left style_08 dfd-heading-69ef501f22a28 dfd-disable-resposive-headings\" id=\"dfd-heading-69ef501f22a28\" ><div class=\"inline-block\"><div class=\"dfd-heading-module\"><div class=\"title-wrap\"><div class=\"dfd-heading-delimiter\"><\/div><h3 class=\"widget-title dfd-title \" style=\"\">Copyright<\/p>\n<p><\/h3><\/div><\/div><\/div><\/div><script type=\"text\/javascript\">\r\n\t\t\t\t\t\t\t\t\t(function($) {\r\n\t\t\t\t\t\t\t\t\t\t$(\"head\").append(\"<style>.dfd-heading-69ef501f22a28.dfd-heading-module-wrap .dfd-heading-module .dfd-heading-delimiter {border-bottom-style:solid;border-bottom-width:2px;width:55px;border-bottom-color:#473332;}.dfd-heading-69ef501f22a28.dfd-heading-module-wrap .dfd-heading-module .dfd-heading-delimiter {margin-top:10px;margin-bottom:10px;}@media only screen and (max-width: 799px) {.dfd-heading-69ef501f22a28 {text-align: left;}}<\/style>\");\r\n\t\t\t\t\t\t\t\t\t})(jQuery);\r\n\t\t\t\t\t\t\t\t<\/script><\/div>[\/vc_column][vc_column width=&#8221;1\/2&#8243;][vc_column_text css=&#8221;.vc_custom_1660126938028{padding-top: 0px !important;}&#8221;]<\/p>\n<h4>References of media used<\/h4>\n<ul>\n<li>Saskia Nathalie Betz, Photography: Portrait photos of Ulrike K\u00fcpper<br \/>\n<a href=\"http:\/\/saskianathaliebetz.com\/\" target=\"_blank\" rel=\"noopener noreferrer\">saskianataliebetz.com<\/a><\/li>\n<li>pixabay (royalty-free): Image pictures<\/li>\n<li>AdobeStock #274519306, copyright: Iryna<\/li>\n<li>AdobeStock #212145748, copyright: barabasone<\/li>\n<\/ul>\n<p>&nbsp;<\/p>\n<h4>Website realisation<\/h4>\n<ul>\n<li>bb BERLIN Marketing &amp; Communication<br \/>\n<a href=\"https:\/\/birgit-biere.de\/\">birgit-biere.de<\/a><\/li>\n<\/ul>\n<p>&nbsp;<\/p>\n<h4>Copyright<\/h4>\n<p>The content and works created by the site operators on these pages are subject to German copyright law. Duplication, processing, distribution and any kind of exploitation outside the limits of copyright law require the written consent of the respective author or creator. Downloads and copies of this site are only permitted for private, non-commercial use. Insofar as the content on this site was not created by the operator, the copyrights of third parties are respected. In particular, third-party content is marked as such. Should you nevertheless become aware of a copyright infringement, please inform us accordingly. If we become aware of any infringements, we will remove such content immediately.[\/vc_column_text][\/vc_column][\/vc_row][vc_row css=&#8221;.vc_custom_1592379858836{padding-top: 90px !important;padding-bottom: 40px !important;}&#8221;][vc_column width=&#8221;1\/2&#8243; css=&#8221;.vc_custom_1592734069070{padding-bottom: 40px !important;}&#8221; col_shadow=&#8221;box_shadow_enable:disable|shadow_horizontal:0|shadow_vertical:15|shadow_blur:50|shadow_spread:0|box_shadow_color:rgba(0%2C0%2C0%2C0.35)&#8221; col_shadow_hover=&#8221;box_shadow_enable:disable|shadow_horizontal:0|shadow_vertical:15|shadow_blur:50|shadow_spread:0|box_shadow_color:rgba(0%2C0%2C0%2C0.35)&#8221;]<div class=\"dfd-heading-shortcode\"><div class=\"dfd-heading-module-wrap  text-left style_08 dfd-heading-69ef501f22b1c dfd-disable-resposive-headings\" id=\"dfd-heading-69ef501f22b1c\" ><div class=\"inline-block\"><div class=\"dfd-heading-module\"><div class=\"title-wrap\"><div class=\"dfd-heading-delimiter\"><\/div><h3 class=\"widget-title dfd-title \" style=\"\">Disclaimer<\/p>\n<p><\/h3><\/div><\/div><\/div><\/div><script type=\"text\/javascript\">\r\n\t\t\t\t\t\t\t\t\t(function($) {\r\n\t\t\t\t\t\t\t\t\t\t$(\"head\").append(\"<style>.dfd-heading-69ef501f22b1c.dfd-heading-module-wrap .dfd-heading-module .dfd-heading-delimiter {border-bottom-style:solid;border-bottom-width:2px;width:55px;border-bottom-color:#473332;}.dfd-heading-69ef501f22b1c.dfd-heading-module-wrap .dfd-heading-module .dfd-heading-delimiter {margin-top:10px;margin-bottom:10px;}@media only screen and (max-width: 799px) {.dfd-heading-69ef501f22b1c {text-align: left;}}<\/style>\");\r\n\t\t\t\t\t\t\t\t\t})(jQuery);\r\n\t\t\t\t\t\t\t\t<\/script><\/div>[\/vc_column][vc_column width=&#8221;1\/2&#8243;][vc_column_text css=&#8221;.vc_custom_1634805145047{padding-top: 0px !important;padding-bottom: 40px !important;}&#8221;]<\/p>\n<h4>Liability for contents<\/h4>\n<p>The contents of our pages were created with the greatest care. However, we cannot assume any liability for the correctness, completeness and up-to-dateness of the contents. As a service provider, we are responsible for our own content on these pages in accordance with general legislation pursuant to Section 7 (1) of the German Telemedia Act (TMG). However, according to \u00a7\u00a7 8 to 10 TMG, we are not obliged as a service provider to monitor transmitted or stored third-party information or to investigate circumstances that indicate illegal activity. Obligations to remove or block the use of information in accordance with general laws remain unaffected by this. However, liability in this regard is only possible from the point in time at which a concrete infringement of the law becomes known. If we become aware of any such infringements, we will remove the relevant content immediately.<\/p>\n<h4>Liability for links<\/h4>\n<p>Our website contains links to external websites of third parties over whose content we have no influence. Therefore, we cannot assume any liability for these external contents. The respective provider or operator of the pages is always responsible for the content of the linked pages. The linked pages were checked for possible legal violations at the time of linking. Illegal contents were not recognisable at the time of linking. However, permanent monitoring of the content of the linked pages is not reasonable without concrete indications of a legal violation. If we become aware of any infringements of the law, we will remove such links immediately.[\/vc_column_text][\/vc_column][\/vc_row]<\/p>\n<\/div>","protected":false},"excerpt":{"rendered":"<p>[vc_row][vc_column][\/vc_column][\/vc_row][vc_row css=&#8221;.vc_custom_1592379858836{padding-top: 90px !important;padding-bottom: 40px !important;}&#8221;][vc_column width=&#8221;1\/2&#8243; css=&#8221;.vc_custom_1592734016310{padding-bottom: 40px !important;}&#8221; col_shadow=&#8221;box_shadow_enable:disable|shadow_horizontal:0|shadow_vertical:15|shadow_blur:50|shadow_spread:0|box_shadow_color:rgba(0%2C0%2C0%2C0.35)&#8221; col_shadow_hover=&#8221;box_shadow_enable:disable|shadow_horizontal:0|shadow_vertical:15|shadow_blur:50|shadow_spread:0|box_shadow_color:rgba(0%2C0%2C0%2C0.35)&#8221;][\/vc_column][vc_column width=&#8221;1\/2&#8243;][vc_column_text css=&#8221;.vc_custom_1685628041556{padding-top: 0px !important;}&#8221;] Quartiere Ulrike K\u00fcpper Von-der-Tann-Stra\u00dfe 8 80539 M\u00fcnchen Germany Represented by Ulrike K\u00fcpper Contact Phone:<\/p>\n","protected":false},"author":1,"featured_media":0,"parent":0,"menu_order":0,"comment_status":"closed","ping_status":"closed","template":"page-custom.php","meta":{"footnotes":""},"class_list":["post-1618","page","type-page","status-publish","hentry"],"yoast_head":"<!-- This site is optimized with the Yoast SEO plugin v27.4 - https:\/\/yoast.com\/product\/yoast-seo-wordpress\/ -->\n<title>Ulrike K\u00fcpper, real estate economist - Imprint<\/title>\n<meta name=\"robots\" content=\"index, follow, max-snippet:-1, max-image-preview:large, max-video-preview:-1\" \/>\n<link rel=\"canonical\" href=\"https:\/\/quartiere-immobilien.de\/en\/imprint\/\" \/>\n<meta property=\"og:locale\" content=\"en_US\" \/>\n<meta property=\"og:type\" content=\"article\" \/>\n<meta property=\"og:title\" content=\"Ulrike K\u00fcpper, real estate economist - Imprint\" \/>\n<meta property=\"og:description\" content=\"[vc_row][vc_column][\/vc_column][\/vc_row][vc_row css=&#8221;.vc_custom_1592379858836{padding-top: 90px !important;padding-bottom: 40px !important;}&#8221;][vc_column width=&#8221;1\/2&#8243; css=&#8221;.vc_custom_1592734016310{padding-bottom: 40px !important;}&#8221; col_shadow=&#8221;box_shadow_enable:disable|shadow_horizontal:0|shadow_vertical:15|shadow_blur:50|shadow_spread:0|box_shadow_color:rgba(0%2C0%2C0%2C0.35)&#8221; col_shadow_hover=&#8221;box_shadow_enable:disable|shadow_horizontal:0|shadow_vertical:15|shadow_blur:50|shadow_spread:0|box_shadow_color:rgba(0%2C0%2C0%2C0.35)&#8221;][\/vc_column][vc_column width=&#8221;1\/2&#8243;][vc_column_text css=&#8221;.vc_custom_1685628041556{padding-top: 0px !important;}&#8221;] Quartiere Ulrike K\u00fcpper Von-der-Tann-Stra\u00dfe 8 80539 M\u00fcnchen Germany Represented by Ulrike K\u00fcpper Contact Phone:\" \/>\n<meta property=\"og:url\" content=\"https:\/\/quartiere-immobilien.de\/en\/imprint\/\" \/>\n<meta property=\"og:site_name\" content=\"Quartiere Ulrike K\u00fcpper | Immobilien\u00f6konomin in M\u00fcnchen und Umgebung\" \/>\n<meta property=\"article:modified_time\" content=\"2023-06-01T14:00:44+00:00\" \/>\n<meta name=\"twitter:card\" content=\"summary_large_image\" \/>\n<meta name=\"twitter:label1\" content=\"Est. reading time\" \/>\n\t<meta name=\"twitter:data1\" content=\"4 minutes\" \/>\n<script type=\"application\/ld+json\" class=\"yoast-schema-graph\">{\"@context\":\"https:\\\/\\\/schema.org\",\"@graph\":[{\"@type\":\"WebPage\",\"@id\":\"https:\\\/\\\/quartiere-immobilien.de\\\/en\\\/imprint\\\/\",\"url\":\"https:\\\/\\\/quartiere-immobilien.de\\\/en\\\/imprint\\\/\",\"name\":\"Ulrike K\u00fcpper, real estate economist - Imprint\",\"isPartOf\":{\"@id\":\"https:\\\/\\\/quartiere-immobilien.de\\\/#website\"},\"datePublished\":\"2021-10-21T08:21:03+00:00\",\"dateModified\":\"2023-06-01T14:00:44+00:00\",\"breadcrumb\":{\"@id\":\"https:\\\/\\\/quartiere-immobilien.de\\\/en\\\/imprint\\\/#breadcrumb\"},\"inLanguage\":\"en-US\",\"potentialAction\":[{\"@type\":\"ReadAction\",\"target\":[\"https:\\\/\\\/quartiere-immobilien.de\\\/en\\\/imprint\\\/\"]}]},{\"@type\":\"BreadcrumbList\",\"@id\":\"https:\\\/\\\/quartiere-immobilien.de\\\/en\\\/imprint\\\/#breadcrumb\",\"itemListElement\":[{\"@type\":\"ListItem\",\"position\":1,\"name\":\"Startseite\",\"item\":\"https:\\\/\\\/quartiere-immobilien.de\\\/en\\\/\"},{\"@type\":\"ListItem\",\"position\":2,\"name\":\"Imprint\"}]},{\"@type\":\"WebSite\",\"@id\":\"https:\\\/\\\/quartiere-immobilien.de\\\/#website\",\"url\":\"https:\\\/\\\/quartiere-immobilien.de\\\/\",\"name\":\"Quartiere Ulrike K\u00fcpper | Immobilien\u00f6konomin in M\u00fcnchen und Umgebung\",\"description\":\"Immobilienmaklerin f\u00fcr den Verkauf und die Vermietung von H\u00e4usern, Wohnungen und Grundst\u00fccken\",\"publisher\":{\"@id\":\"https:\\\/\\\/quartiere-immobilien.de\\\/#\\\/schema\\\/person\\\/c50210d0ae2919c13af2895489aa322c\"},\"potentialAction\":[{\"@type\":\"SearchAction\",\"target\":{\"@type\":\"EntryPoint\",\"urlTemplate\":\"https:\\\/\\\/quartiere-immobilien.de\\\/?s={search_term_string}\"},\"query-input\":{\"@type\":\"PropertyValueSpecification\",\"valueRequired\":true,\"valueName\":\"search_term_string\"}}],\"inLanguage\":\"en-US\"},{\"@type\":[\"Person\",\"Organization\"],\"@id\":\"https:\\\/\\\/quartiere-immobilien.de\\\/#\\\/schema\\\/person\\\/c50210d0ae2919c13af2895489aa322c\",\"name\":\"Ulrike Kuepper\",\"image\":{\"@type\":\"ImageObject\",\"inLanguage\":\"en-US\",\"@id\":\"https:\\\/\\\/quartiere-immobilien.de\\\/wp-content\\\/uploads\\\/ulrike-kuepper-74_saskianathaliebetz_mobile.jpg\",\"url\":\"https:\\\/\\\/quartiere-immobilien.de\\\/wp-content\\\/uploads\\\/ulrike-kuepper-74_saskianathaliebetz_mobile.jpg\",\"contentUrl\":\"https:\\\/\\\/quartiere-immobilien.de\\\/wp-content\\\/uploads\\\/ulrike-kuepper-74_saskianathaliebetz_mobile.jpg\",\"width\":501,\"height\":500,\"caption\":\"Ulrike Kuepper\"},\"logo\":{\"@id\":\"https:\\\/\\\/quartiere-immobilien.de\\\/wp-content\\\/uploads\\\/ulrike-kuepper-74_saskianathaliebetz_mobile.jpg\"},\"sameAs\":[\"https:\\\/\\\/quartiere-immobilien.de\\\/\"]}]}<\/script>\n<!-- \/ Yoast SEO plugin. -->","yoast_head_json":{"title":"Ulrike K\u00fcpper, real estate economist - Imprint","robots":{"index":"index","follow":"follow","max-snippet":"max-snippet:-1","max-image-preview":"max-image-preview:large","max-video-preview":"max-video-preview:-1"},"canonical":"https:\/\/quartiere-immobilien.de\/en\/imprint\/","og_locale":"en_US","og_type":"article","og_title":"Ulrike K\u00fcpper, real estate economist - Imprint","og_description":"[vc_row][vc_column][\/vc_column][\/vc_row][vc_row css=&#8221;.vc_custom_1592379858836{padding-top: 90px !important;padding-bottom: 40px !important;}&#8221;][vc_column width=&#8221;1\/2&#8243; css=&#8221;.vc_custom_1592734016310{padding-bottom: 40px !important;}&#8221; col_shadow=&#8221;box_shadow_enable:disable|shadow_horizontal:0|shadow_vertical:15|shadow_blur:50|shadow_spread:0|box_shadow_color:rgba(0%2C0%2C0%2C0.35)&#8221; col_shadow_hover=&#8221;box_shadow_enable:disable|shadow_horizontal:0|shadow_vertical:15|shadow_blur:50|shadow_spread:0|box_shadow_color:rgba(0%2C0%2C0%2C0.35)&#8221;][\/vc_column][vc_column width=&#8221;1\/2&#8243;][vc_column_text css=&#8221;.vc_custom_1685628041556{padding-top: 0px !important;}&#8221;] Quartiere Ulrike K\u00fcpper Von-der-Tann-Stra\u00dfe 8 80539 M\u00fcnchen Germany Represented by Ulrike K\u00fcpper Contact Phone:","og_url":"https:\/\/quartiere-immobilien.de\/en\/imprint\/","og_site_name":"Quartiere Ulrike K\u00fcpper | Immobilien\u00f6konomin in M\u00fcnchen und Umgebung","article_modified_time":"2023-06-01T14:00:44+00:00","twitter_card":"summary_large_image","twitter_misc":{"Est. reading time":"4 minutes"},"schema":{"@context":"https:\/\/schema.org","@graph":[{"@type":"WebPage","@id":"https:\/\/quartiere-immobilien.de\/en\/imprint\/","url":"https:\/\/quartiere-immobilien.de\/en\/imprint\/","name":"Ulrike K\u00fcpper, real estate economist - Imprint","isPartOf":{"@id":"https:\/\/quartiere-immobilien.de\/#website"},"datePublished":"2021-10-21T08:21:03+00:00","dateModified":"2023-06-01T14:00:44+00:00","breadcrumb":{"@id":"https:\/\/quartiere-immobilien.de\/en\/imprint\/#breadcrumb"},"inLanguage":"en-US","potentialAction":[{"@type":"ReadAction","target":["https:\/\/quartiere-immobilien.de\/en\/imprint\/"]}]},{"@type":"BreadcrumbList","@id":"https:\/\/quartiere-immobilien.de\/en\/imprint\/#breadcrumb","itemListElement":[{"@type":"ListItem","position":1,"name":"Startseite","item":"https:\/\/quartiere-immobilien.de\/en\/"},{"@type":"ListItem","position":2,"name":"Imprint"}]},{"@type":"WebSite","@id":"https:\/\/quartiere-immobilien.de\/#website","url":"https:\/\/quartiere-immobilien.de\/","name":"Quartiere Ulrike K\u00fcpper | Immobilien\u00f6konomin in M\u00fcnchen und Umgebung","description":"Immobilienmaklerin f\u00fcr den Verkauf und die Vermietung von H\u00e4usern, Wohnungen und Grundst\u00fccken","publisher":{"@id":"https:\/\/quartiere-immobilien.de\/#\/schema\/person\/c50210d0ae2919c13af2895489aa322c"},"potentialAction":[{"@type":"SearchAction","target":{"@type":"EntryPoint","urlTemplate":"https:\/\/quartiere-immobilien.de\/?s={search_term_string}"},"query-input":{"@type":"PropertyValueSpecification","valueRequired":true,"valueName":"search_term_string"}}],"inLanguage":"en-US"},{"@type":["Person","Organization"],"@id":"https:\/\/quartiere-immobilien.de\/#\/schema\/person\/c50210d0ae2919c13af2895489aa322c","name":"Ulrike Kuepper","image":{"@type":"ImageObject","inLanguage":"en-US","@id":"https:\/\/quartiere-immobilien.de\/wp-content\/uploads\/ulrike-kuepper-74_saskianathaliebetz_mobile.jpg","url":"https:\/\/quartiere-immobilien.de\/wp-content\/uploads\/ulrike-kuepper-74_saskianathaliebetz_mobile.jpg","contentUrl":"https:\/\/quartiere-immobilien.de\/wp-content\/uploads\/ulrike-kuepper-74_saskianathaliebetz_mobile.jpg","width":501,"height":500,"caption":"Ulrike Kuepper"},"logo":{"@id":"https:\/\/quartiere-immobilien.de\/wp-content\/uploads\/ulrike-kuepper-74_saskianathaliebetz_mobile.jpg"},"sameAs":["https:\/\/quartiere-immobilien.de\/"]}]}},"_links":{"self":[{"href":"https:\/\/quartiere-immobilien.de\/en\/wp-json\/wp\/v2\/pages\/1618","targetHints":{"allow":["GET"]}}],"collection":[{"href":"https:\/\/quartiere-immobilien.de\/en\/wp-json\/wp\/v2\/pages"}],"about":[{"href":"https:\/\/quartiere-immobilien.de\/en\/wp-json\/wp\/v2\/types\/page"}],"author":[{"embeddable":true,"href":"https:\/\/quartiere-immobilien.de\/en\/wp-json\/wp\/v2\/users\/1"}],"replies":[{"embeddable":true,"href":"https:\/\/quartiere-immobilien.de\/en\/wp-json\/wp\/v2\/comments?post=1618"}],"version-history":[{"count":0,"href":"https:\/\/quartiere-immobilien.de\/en\/wp-json\/wp\/v2\/pages\/1618\/revisions"}],"wp:attachment":[{"href":"https:\/\/quartiere-immobilien.de\/en\/wp-json\/wp\/v2\/media?parent=1618"}],"curies":[{"name":"wp","href":"https:\/\/api.w.org\/{rel}","templated":true}]}}