{"id":1612,"date":"2021-10-21T09:47:46","date_gmt":"2021-10-21T07:47:46","guid":{"rendered":"https:\/\/quartiere-immobilien.de\/request\/"},"modified":"2024-08-27T16:17:47","modified_gmt":"2024-08-27T14:17:47","slug":"request","status":"publish","type":"page","link":"https:\/\/quartiere-immobilien.de\/en\/request\/","title":{"rendered":"Request"},"content":{"rendered":"<div class=\"wpb-content-wrapper\"><p>[vc_row][vc_column]\n\t\t\t<!-- START sliderrequest REVOLUTION SLIDER 6.7.35 --><p class=\"rs-p-wp-fix\"><\/p>\n\t\t\t<rs-module-wrap id=\"rev_slider_19_1_wrapper\" data-source=\"gallery\" style=\"visibility:hidden;background:transparent;padding:0;margin:0px auto;margin-top:0;margin-bottom:0;background-image:url(https:\/\/quartiere-immobilien.de\/wp-content\/uploads\/ulrike-kuepper-74_saskianathaliebetz_header.jpg);background-repeat:no-repeat;background-size:cover;background-position:center top;\">\n\t\t\t\t<rs-module id=\"rev_slider_19_1\" style=\"\" data-version=\"6.7.35\">\n\t\t\t\t\t<rs-slides style=\"overflow: hidden; position: absolute;\">\n\t\t\t\t\t\t<rs-slide style=\"position: absolute;\" data-key=\"rs-19\" data-title=\"Slide\" data-anim=\"adpr:false;\" data-in=\"o:0;\" data-out=\"a:false;\">\n\t\t\t\t\t\t\t<img decoding=\"async\" src=\"\/\/quartiere-immobilien.de\/wp-content\/plugins\/revslider\/sr6\/assets\/assets\/dummy.png\" alt=\"Slide\" title=\"Request\" class=\"rev-slidebg tp-rs-img rs-lazyload\" data-lazyload=\"\/\/quartiere-immobilien.de\/wp-content\/plugins\/revslider\/sr6\/assets\/assets\/transparent.png\" data-no-retina>\n<!--\n\t\t\t\t\t\t\t--><rs-layer\n\t\t\t\t\t\t\t\tid=\"slider-19-slide-19-layer-2\" \n\t\t\t\t\t\t\t\tclass=\"slidercustomfont\"\n\t\t\t\t\t\t\t\tdata-type=\"text\"\n\t\t\t\t\t\t\t\tdata-color=\"#b33202\"\n\t\t\t\t\t\t\t\tdata-rsp_ch=\"on\"\n\t\t\t\t\t\t\t\tdata-xy=\"x:632px;y:237px;\"\n\t\t\t\t\t\t\t\tdata-text=\"w:normal;s:60;l:60;\"\n\t\t\t\t\t\t\t\tdata-dim=\"w:550px;\"\n\t\t\t\t\t\t\t\tdata-frame_999=\"o:0;st:w;\"\n\t\t\t\t\t\t\t\tstyle=\"z-index:8;font-family:'Istok Web';line-height:0.9em;\"\n\t\t\t\t\t\t\t>Request \n\t\t\t\t\t\t\t<\/rs-layer><!--\n-->\t\t\t\t\t<\/rs-slide>\n\t\t\t\t\t<\/rs-slides>\n\t\t\t\t<\/rs-module>\n\t\t\t\t<script>\n\t\t\t\t\tsetREVStartSize({c: 'rev_slider_19_1',rl:[1240,1024,778,480],el:[450],gw:[1240],gh:[450],type:'hero',justify:'',layout:'fullwidth',mh:\"0\"});if (window.RS_MODULES!==undefined && window.RS_MODULES.modules!==undefined && window.RS_MODULES.modules[\"revslider191\"]!==undefined) {window.RS_MODULES.modules[\"revslider191\"].once = false;window.revapi19 = undefined;if (window.RS_MODULES.checkMinimal!==undefined) window.RS_MODULES.checkMinimal()}\n\t\t\t\t<\/script>\n\t\t\t<\/rs-module-wrap>\n\t\t\t<!-- END REVOLUTION SLIDER -->\n[\/vc_column][\/vc_row][vc_row css=&#8221;.vc_custom_1592379858836{padding-top: 90px !important;padding-bottom: 40px !important;}&#8221;][vc_column width=&#8221;1\/2&#8243;]<div class=\"dfd-heading-shortcode\"><div class=\"dfd-heading-module-wrap  text-left style_08 dfd-heading-69e4a7adbdcb7 dfd-disable-resposive-headings\" id=\"dfd-heading-69e4a7adbdcb7\" ><div class=\"inline-block\"><div class=\"dfd-heading-module\"><h2 class=\"widget-sub-title dfd-sub-title \" style=\"\">I look forward to your request<\/h2><div class=\"title-wrap\"><div class=\"dfd-heading-delimiter\"><\/div><h2 class=\"widget-title dfd-title \" style=\"\">Request<\/p>\n<p><\/h2><\/div><\/div><\/div><\/div><script type=\"text\/javascript\">\r\n\t\t\t\t\t\t\t\t\t(function($) {\r\n\t\t\t\t\t\t\t\t\t\t$(\"head\").append(\"<style>.dfd-heading-69e4a7adbdcb7.dfd-heading-module-wrap .dfd-heading-module .dfd-heading-delimiter {border-bottom-style:solid;border-bottom-width:2px;width:55px;border-bottom-color:#b33202;}.dfd-heading-69e4a7adbdcb7.dfd-heading-module-wrap .dfd-heading-module .dfd-heading-delimiter {margin-top:10px;margin-bottom:10px;}@media only screen and (max-width: 799px) {.dfd-heading-69e4a7adbdcb7 {text-align: left;}}<\/style>\");\r\n\t\t\t\t\t\t\t\t\t})(jQuery);\r\n\t\t\t\t\t\t\t\t<\/script><\/div>[\/vc_column][vc_column width=&#8221;1\/2&#8243;][vc_column_text css=&#8221;.vc_custom_1634802561939{padding-top: 40px !important;}&#8221;]If your gut tells you that I may be the right person to sell or lease your property, I look forward to hearing from you.[\/vc_column_text]<div class=\"dfd-spacer-module\"  data-units=\"px\" data-wide_resolution=\"1280\" data-wide_size=\"20\" data-normal_resolution=\"1024\" data-normal_size=\"20\" data-tablet_resolution=\"800\" data-tablet_size=\"20\" data-mobile_resolution=\"480\" data-mobile_size=\"20\" style=\"height: 20px;\"><\/div><div class=\"wpforms-container wpforms-container-full\" id=\"wpforms-3601\"><form id=\"wpforms-form-3601\" class=\"wpforms-validate wpforms-form wpforms-ajax-form\" data-formid=\"3601\" method=\"post\" enctype=\"multipart\/form-data\" action=\"\/en\/wp-json\/wp\/v2\/pages\/1612\" data-token=\"e3884b76506a1aa0e43210408e2b73c8\" data-token-time=\"1776592813\"><noscript class=\"wpforms-error-noscript\">Please enable JavaScript in your browser to complete this form.<\/noscript><div class=\"wpforms-field-container\">\t\t<div id=\"wpforms-3601-field_5-container\"\n\t\t\tclass=\"wpforms-field wpforms-field-text\"\n\t\t\tdata-field-type=\"text\"\n\t\t\tdata-field-id=\"5\"\n\t\t\t>\n\t\t\t<label class=\"wpforms-field-label\" for=\"wpforms-3601-field_5\" >(required) name to<\/label>\n\t\t\t<input type=\"text\" id=\"wpforms-3601-field_5\" class=\"wpforms-field-medium\" name=\"wpforms[fields][5]\" >\n\t\t<\/div>\n\t\t<div id=\"wpforms-3601-field_4-container\" class=\"wpforms-field wpforms-field-checkbox\" data-field-id=\"4\"><label class=\"wpforms-field-label\">Your request<\/label><ul id=\"wpforms-3601-field_4\"><li class=\"choice-1 depth-1\"><input type=\"checkbox\" id=\"wpforms-3601-field_4_1\" name=\"wpforms[fields][4][]\" value=\"Sale\"  ><label class=\"wpforms-field-label-inline\" for=\"wpforms-3601-field_4_1\">Sale<\/label><\/li><li class=\"choice-2 depth-1\"><input type=\"checkbox\" id=\"wpforms-3601-field_4_2\" name=\"wpforms[fields][4][]\" value=\"Rent\"  ><label class=\"wpforms-field-label-inline\" for=\"wpforms-3601-field_4_2\">Rent<\/label><\/li><\/ul><\/div><div id=\"wpforms-3601-field_1-container\" class=\"wpforms-field wpforms-field-name\" data-field-id=\"1\"><label class=\"wpforms-field-label\" for=\"wpforms-3601-field_1\">Your name (required) <span class=\"wpforms-required-label\">*<\/span><\/label><input type=\"text\" id=\"wpforms-3601-field_1\" class=\"wpforms-field-large wpforms-field-required\" name=\"wpforms[fields][1]\" required><\/div><div id=\"wpforms-3601-field_2-container\" class=\"wpforms-field wpforms-field-email\" data-field-id=\"2\"><label class=\"wpforms-field-label\" for=\"wpforms-3601-field_2\">Your email adress (required) <span class=\"wpforms-required-label\">*<\/span><\/label><input type=\"email\" id=\"wpforms-3601-field_2\" class=\"wpforms-field-large wpforms-field-required\" name=\"wpforms[fields][2]\" spellcheck=\"false\" required><\/div><div id=\"wpforms-3601-field_3-container\" class=\"wpforms-field wpforms-field-textarea\" data-field-id=\"3\"><label class=\"wpforms-field-label\" for=\"wpforms-3601-field_3\">Your message<\/label><textarea id=\"wpforms-3601-field_3\" class=\"wpforms-field-medium\" name=\"wpforms[fields][3]\" ><\/textarea><\/div><div id=\"wpforms-3601-field_7-container\" class=\"wpforms-field wpforms-field-checkbox\" data-field-id=\"7\"><label class=\"wpforms-field-label\">Consent to data processing (required) <span class=\"wpforms-required-label\">*<\/span><\/label><ul id=\"wpforms-3601-field_7\" class=\"wpforms-field-required\"><li class=\"choice-1 depth-1\"><input type=\"checkbox\" id=\"wpforms-3601-field_7_1\" name=\"wpforms[fields][7][]\" value=\"I agree to the processing and use of my personal data by Quartiere Ulrike K\u00fcpper. You can find more information under Privacy Policy (in German language): &lt;a href=&quot;https:\/\/quartiere-immobilien.de\/datenschutzerklaerung\/&quot; target=&quot;_blank&quot;&gt;Datenschutzerkl\u00e4rung&lt;\/a&gt;\" required ><label class=\"wpforms-field-label-inline\" for=\"wpforms-3601-field_7_1\">I agree to the processing and use of my personal data by Quartiere Ulrike K\u00fcpper. You can find more information under Privacy Policy (in German language): <a href=\"https:\/\/quartiere-immobilien.de\/datenschutzerklaerung\/\" target=\"_blank\">Datenschutzerkl\u00e4rung<\/a><\/label><\/li><\/ul><\/div><script>\n\t\t\t\t( function() {\n\t\t\t\t\tconst style = document.createElement( 'style' );\n\t\t\t\t\tstyle.appendChild( document.createTextNode( '#wpforms-3601-field_5-container { position: absolute !important; overflow: hidden !important; display: inline !important; height: 1px !important; width: 1px !important; z-index: -1000 !important; padding: 0 !important; } #wpforms-3601-field_5-container input { visibility: hidden; } #wpforms-conversational-form-page #wpforms-3601-field_5-container label { counter-increment: none; }' ) );\n\t\t\t\t\tdocument.head.appendChild( style );\n\t\t\t\t\tdocument.currentScript?.remove();\n\t\t\t\t} )();\n\t\t\t<\/script><\/div><!-- .wpforms-field-container --><div class=\"wpforms-submit-container\" ><input type=\"hidden\" name=\"wpforms[id]\" value=\"3601\"><input type=\"hidden\" name=\"page_title\" value=\"\"><input type=\"hidden\" name=\"page_url\" value=\"https:\/\/quartiere-immobilien.de\/en\/wp-json\/wp\/v2\/pages\/1612\"><input type=\"hidden\" name=\"url_referer\" value=\"\"><button type=\"submit\" name=\"wpforms[submit]\" id=\"wpforms-submit-3601\" class=\"wpforms-submit\" data-alt-text=\"Being sent\u00a0\u2026\" data-submit-text=\"Send request\" aria-live=\"assertive\" value=\"wpforms-submit\">Send request<\/button><img loading=\"lazy\" decoding=\"async\" src=\"https:\/\/quartiere-immobilien.de\/wp-content\/plugins\/wpforms-lite\/assets\/images\/submit-spin.svg\" class=\"wpforms-submit-spinner\" style=\"display: none;\" width=\"26\" height=\"26\" alt=\"Loading\"><\/div><\/form><\/div>  <!-- .wpforms-container -->[\/vc_column][\/vc_row]<\/p>\n<\/div>","protected":false},"excerpt":{"rendered":"<p>[vc_row][vc_column][\/vc_column][\/vc_row][vc_row css=&#8221;.vc_custom_1592379858836{padding-top: 90px !important;padding-bottom: 40px !important;}&#8221;][vc_column width=&#8221;1\/2&#8243;][\/vc_column][vc_column width=&#8221;1\/2&#8243;][vc_column_text css=&#8221;.vc_custom_1634802561939{padding-top: 40px !important;}&#8221;]If your gut tells you that I may be the right person to sell or lease your property, I look<\/p>\n","protected":false},"author":1,"featured_media":1478,"parent":0,"menu_order":0,"comment_status":"closed","ping_status":"closed","template":"page-custom.php","meta":{"footnotes":""},"class_list":["post-1612","page","type-page","status-publish","has-post-thumbnail","hentry"],"yoast_head":"<!-- This site is optimized with the Yoast SEO plugin v27.4 - https:\/\/yoast.com\/product\/yoast-seo-wordpress\/ -->\n<title>Quartiere Ulrike K\u00fcpper, real estate economics - Request for property sale<\/title>\n<meta name=\"description\" content=\"A good property sale is not only reflected in the price. The people who come together through the deal also have to fit. I make sure of that!\" \/>\n<meta name=\"robots\" content=\"index, follow, max-snippet:-1, max-image-preview:large, max-video-preview:-1\" \/>\n<link rel=\"canonical\" href=\"https:\/\/quartiere-immobilien.de\/en\/request\/\" \/>\n<meta property=\"og:locale\" content=\"en_US\" \/>\n<meta property=\"og:type\" content=\"article\" \/>\n<meta property=\"og:title\" content=\"Quartiere Ulrike K\u00fcpper, real estate economics - Request for property sale\" \/>\n<meta property=\"og:description\" content=\"A good property sale is not only reflected in the price. The people who come together through the deal also have to fit. I make sure of that!\" \/>\n<meta property=\"og:url\" content=\"https:\/\/quartiere-immobilien.de\/en\/request\/\" \/>\n<meta property=\"og:site_name\" content=\"Quartiere Ulrike K\u00fcpper | Immobilien\u00f6konomin in M\u00fcnchen und Umgebung\" \/>\n<meta property=\"article:modified_time\" content=\"2024-08-27T14:17:47+00:00\" \/>\n<meta property=\"og:image\" content=\"https:\/\/quartiere-immobilien.de\/wp-content\/uploads\/ulrike-kuepper-74_saskianathaliebetz_mobile.jpg\" \/>\n\t<meta property=\"og:image:width\" content=\"501\" \/>\n\t<meta property=\"og:image:height\" content=\"500\" \/>\n\t<meta property=\"og:image:type\" content=\"image\/jpeg\" \/>\n<meta name=\"twitter:card\" content=\"summary_large_image\" \/>\n<meta name=\"twitter:label1\" content=\"Est. reading time\" \/>\n\t<meta name=\"twitter:data1\" content=\"1 minute\" \/>\n<script type=\"application\/ld+json\" class=\"yoast-schema-graph\">{\"@context\":\"https:\\\/\\\/schema.org\",\"@graph\":[{\"@type\":\"WebPage\",\"@id\":\"https:\\\/\\\/quartiere-immobilien.de\\\/en\\\/request\\\/\",\"url\":\"https:\\\/\\\/quartiere-immobilien.de\\\/en\\\/request\\\/\",\"name\":\"Quartiere Ulrike K\u00fcpper, real estate economics - Request for property sale\",\"isPartOf\":{\"@id\":\"https:\\\/\\\/quartiere-immobilien.de\\\/#website\"},\"primaryImageOfPage\":{\"@id\":\"https:\\\/\\\/quartiere-immobilien.de\\\/en\\\/request\\\/#primaryimage\"},\"image\":{\"@id\":\"https:\\\/\\\/quartiere-immobilien.de\\\/en\\\/request\\\/#primaryimage\"},\"thumbnailUrl\":\"https:\\\/\\\/quartiere-immobilien.de\\\/wp-content\\\/uploads\\\/ulrike-kuepper-74_saskianathaliebetz_mobile.jpg\",\"datePublished\":\"2021-10-21T07:47:46+00:00\",\"dateModified\":\"2024-08-27T14:17:47+00:00\",\"description\":\"A good property sale is not only reflected in the price. The people who come together through the deal also have to fit. I make sure of that!\",\"breadcrumb\":{\"@id\":\"https:\\\/\\\/quartiere-immobilien.de\\\/en\\\/request\\\/#breadcrumb\"},\"inLanguage\":\"en-US\",\"potentialAction\":[{\"@type\":\"ReadAction\",\"target\":[\"https:\\\/\\\/quartiere-immobilien.de\\\/en\\\/request\\\/\"]}]},{\"@type\":\"ImageObject\",\"inLanguage\":\"en-US\",\"@id\":\"https:\\\/\\\/quartiere-immobilien.de\\\/en\\\/request\\\/#primaryimage\",\"url\":\"https:\\\/\\\/quartiere-immobilien.de\\\/wp-content\\\/uploads\\\/ulrike-kuepper-74_saskianathaliebetz_mobile.jpg\",\"contentUrl\":\"https:\\\/\\\/quartiere-immobilien.de\\\/wp-content\\\/uploads\\\/ulrike-kuepper-74_saskianathaliebetz_mobile.jpg\",\"width\":501,\"height\":500},{\"@type\":\"BreadcrumbList\",\"@id\":\"https:\\\/\\\/quartiere-immobilien.de\\\/en\\\/request\\\/#breadcrumb\",\"itemListElement\":[{\"@type\":\"ListItem\",\"position\":1,\"name\":\"Startseite\",\"item\":\"https:\\\/\\\/quartiere-immobilien.de\\\/en\\\/\"},{\"@type\":\"ListItem\",\"position\":2,\"name\":\"Request\"}]},{\"@type\":\"WebSite\",\"@id\":\"https:\\\/\\\/quartiere-immobilien.de\\\/#website\",\"url\":\"https:\\\/\\\/quartiere-immobilien.de\\\/\",\"name\":\"Quartiere Ulrike K\u00fcpper | Immobilien\u00f6konomin in M\u00fcnchen und Umgebung\",\"description\":\"Immobilienmaklerin f\u00fcr den Verkauf und die Vermietung von H\u00e4usern, Wohnungen und Grundst\u00fccken\",\"publisher\":{\"@id\":\"https:\\\/\\\/quartiere-immobilien.de\\\/#\\\/schema\\\/person\\\/c50210d0ae2919c13af2895489aa322c\"},\"potentialAction\":[{\"@type\":\"SearchAction\",\"target\":{\"@type\":\"EntryPoint\",\"urlTemplate\":\"https:\\\/\\\/quartiere-immobilien.de\\\/?s={search_term_string}\"},\"query-input\":{\"@type\":\"PropertyValueSpecification\",\"valueRequired\":true,\"valueName\":\"search_term_string\"}}],\"inLanguage\":\"en-US\"},{\"@type\":[\"Person\",\"Organization\"],\"@id\":\"https:\\\/\\\/quartiere-immobilien.de\\\/#\\\/schema\\\/person\\\/c50210d0ae2919c13af2895489aa322c\",\"name\":\"Ulrike Kuepper\",\"image\":{\"@type\":\"ImageObject\",\"inLanguage\":\"en-US\",\"@id\":\"https:\\\/\\\/quartiere-immobilien.de\\\/wp-content\\\/uploads\\\/ulrike-kuepper-74_saskianathaliebetz_mobile.jpg\",\"url\":\"https:\\\/\\\/quartiere-immobilien.de\\\/wp-content\\\/uploads\\\/ulrike-kuepper-74_saskianathaliebetz_mobile.jpg\",\"contentUrl\":\"https:\\\/\\\/quartiere-immobilien.de\\\/wp-content\\\/uploads\\\/ulrike-kuepper-74_saskianathaliebetz_mobile.jpg\",\"width\":501,\"height\":500,\"caption\":\"Ulrike Kuepper\"},\"logo\":{\"@id\":\"https:\\\/\\\/quartiere-immobilien.de\\\/wp-content\\\/uploads\\\/ulrike-kuepper-74_saskianathaliebetz_mobile.jpg\"},\"sameAs\":[\"https:\\\/\\\/quartiere-immobilien.de\\\/\"]}]}<\/script>\n<!-- \/ Yoast SEO plugin. -->","yoast_head_json":{"title":"Quartiere Ulrike K\u00fcpper, real estate economics - Request for property sale","description":"A good property sale is not only reflected in the price. The people who come together through the deal also have to fit. I make sure of that!","robots":{"index":"index","follow":"follow","max-snippet":"max-snippet:-1","max-image-preview":"max-image-preview:large","max-video-preview":"max-video-preview:-1"},"canonical":"https:\/\/quartiere-immobilien.de\/en\/request\/","og_locale":"en_US","og_type":"article","og_title":"Quartiere Ulrike K\u00fcpper, real estate economics - Request for property sale","og_description":"A good property sale is not only reflected in the price. The people who come together through the deal also have to fit. I make sure of that!","og_url":"https:\/\/quartiere-immobilien.de\/en\/request\/","og_site_name":"Quartiere Ulrike K\u00fcpper | Immobilien\u00f6konomin in M\u00fcnchen und Umgebung","article_modified_time":"2024-08-27T14:17:47+00:00","og_image":[{"width":501,"height":500,"url":"https:\/\/quartiere-immobilien.de\/wp-content\/uploads\/ulrike-kuepper-74_saskianathaliebetz_mobile.jpg","type":"image\/jpeg"}],"twitter_card":"summary_large_image","twitter_misc":{"Est. reading time":"1 minute"},"schema":{"@context":"https:\/\/schema.org","@graph":[{"@type":"WebPage","@id":"https:\/\/quartiere-immobilien.de\/en\/request\/","url":"https:\/\/quartiere-immobilien.de\/en\/request\/","name":"Quartiere Ulrike K\u00fcpper, real estate economics - Request for property sale","isPartOf":{"@id":"https:\/\/quartiere-immobilien.de\/#website"},"primaryImageOfPage":{"@id":"https:\/\/quartiere-immobilien.de\/en\/request\/#primaryimage"},"image":{"@id":"https:\/\/quartiere-immobilien.de\/en\/request\/#primaryimage"},"thumbnailUrl":"https:\/\/quartiere-immobilien.de\/wp-content\/uploads\/ulrike-kuepper-74_saskianathaliebetz_mobile.jpg","datePublished":"2021-10-21T07:47:46+00:00","dateModified":"2024-08-27T14:17:47+00:00","description":"A good property sale is not only reflected in the price. The people who come together through the deal also have to fit. I make sure of that!","breadcrumb":{"@id":"https:\/\/quartiere-immobilien.de\/en\/request\/#breadcrumb"},"inLanguage":"en-US","potentialAction":[{"@type":"ReadAction","target":["https:\/\/quartiere-immobilien.de\/en\/request\/"]}]},{"@type":"ImageObject","inLanguage":"en-US","@id":"https:\/\/quartiere-immobilien.de\/en\/request\/#primaryimage","url":"https:\/\/quartiere-immobilien.de\/wp-content\/uploads\/ulrike-kuepper-74_saskianathaliebetz_mobile.jpg","contentUrl":"https:\/\/quartiere-immobilien.de\/wp-content\/uploads\/ulrike-kuepper-74_saskianathaliebetz_mobile.jpg","width":501,"height":500},{"@type":"BreadcrumbList","@id":"https:\/\/quartiere-immobilien.de\/en\/request\/#breadcrumb","itemListElement":[{"@type":"ListItem","position":1,"name":"Startseite","item":"https:\/\/quartiere-immobilien.de\/en\/"},{"@type":"ListItem","position":2,"name":"Request"}]},{"@type":"WebSite","@id":"https:\/\/quartiere-immobilien.de\/#website","url":"https:\/\/quartiere-immobilien.de\/","name":"Quartiere Ulrike K\u00fcpper | Immobilien\u00f6konomin in M\u00fcnchen und Umgebung","description":"Immobilienmaklerin f\u00fcr den Verkauf und die Vermietung von H\u00e4usern, Wohnungen und Grundst\u00fccken","publisher":{"@id":"https:\/\/quartiere-immobilien.de\/#\/schema\/person\/c50210d0ae2919c13af2895489aa322c"},"potentialAction":[{"@type":"SearchAction","target":{"@type":"EntryPoint","urlTemplate":"https:\/\/quartiere-immobilien.de\/?s={search_term_string}"},"query-input":{"@type":"PropertyValueSpecification","valueRequired":true,"valueName":"search_term_string"}}],"inLanguage":"en-US"},{"@type":["Person","Organization"],"@id":"https:\/\/quartiere-immobilien.de\/#\/schema\/person\/c50210d0ae2919c13af2895489aa322c","name":"Ulrike Kuepper","image":{"@type":"ImageObject","inLanguage":"en-US","@id":"https:\/\/quartiere-immobilien.de\/wp-content\/uploads\/ulrike-kuepper-74_saskianathaliebetz_mobile.jpg","url":"https:\/\/quartiere-immobilien.de\/wp-content\/uploads\/ulrike-kuepper-74_saskianathaliebetz_mobile.jpg","contentUrl":"https:\/\/quartiere-immobilien.de\/wp-content\/uploads\/ulrike-kuepper-74_saskianathaliebetz_mobile.jpg","width":501,"height":500,"caption":"Ulrike Kuepper"},"logo":{"@id":"https:\/\/quartiere-immobilien.de\/wp-content\/uploads\/ulrike-kuepper-74_saskianathaliebetz_mobile.jpg"},"sameAs":["https:\/\/quartiere-immobilien.de\/"]}]}},"_links":{"self":[{"href":"https:\/\/quartiere-immobilien.de\/en\/wp-json\/wp\/v2\/pages\/1612","targetHints":{"allow":["GET"]}}],"collection":[{"href":"https:\/\/quartiere-immobilien.de\/en\/wp-json\/wp\/v2\/pages"}],"about":[{"href":"https:\/\/quartiere-immobilien.de\/en\/wp-json\/wp\/v2\/types\/page"}],"author":[{"embeddable":true,"href":"https:\/\/quartiere-immobilien.de\/en\/wp-json\/wp\/v2\/users\/1"}],"replies":[{"embeddable":true,"href":"https:\/\/quartiere-immobilien.de\/en\/wp-json\/wp\/v2\/comments?post=1612"}],"version-history":[{"count":2,"href":"https:\/\/quartiere-immobilien.de\/en\/wp-json\/wp\/v2\/pages\/1612\/revisions"}],"predecessor-version":[{"id":3611,"href":"https:\/\/quartiere-immobilien.de\/en\/wp-json\/wp\/v2\/pages\/1612\/revisions\/3611"}],"wp:featuredmedia":[{"embeddable":true,"href":"https:\/\/quartiere-immobilien.de\/en\/wp-json\/wp\/v2\/media\/1478"}],"wp:attachment":[{"href":"https:\/\/quartiere-immobilien.de\/en\/wp-json\/wp\/v2\/media?parent=1612"}],"curies":[{"name":"wp","href":"https:\/\/api.w.org\/{rel}","templated":true}]}}