{"id":1599,"date":"2021-10-20T14:06:35","date_gmt":"2021-10-20T12:06:35","guid":{"rendered":"https:\/\/quartiere-immobilien.de\/with-whom-and-why\/"},"modified":"2025-03-11T10:35:01","modified_gmt":"2025-03-11T09:35:01","slug":"with-whom-and-why","status":"publish","type":"page","link":"https:\/\/quartiere-immobilien.de\/en\/with-whom-and-why\/","title":{"rendered":"With whom and why"},"content":{"rendered":"<div class=\"wpb-content-wrapper\"><p>[vc_row][vc_column]\n\t\t\t<!-- START sliderpartner en REVOLUTION SLIDER 6.7.35 --><p class=\"rs-p-wp-fix\"><\/p>\n\t\t\t<rs-module-wrap id=\"rev_slider_15_1_wrapper\" data-source=\"gallery\" style=\"visibility:hidden;background:transparent;padding:0;margin:0px auto;margin-top:0;margin-bottom:0;background-image:url(https:\/\/quartiere-immobilien.de\/wp-content\/uploads\/ulrike-kuepper-1352_saskia-nathalie-betz_header.jpg);background-repeat:no-repeat;background-size:cover;background-position:center top;\">\n\t\t\t\t<rs-module id=\"rev_slider_15_1\" style=\"\" data-version=\"6.7.35\">\n\t\t\t\t\t<rs-slides style=\"overflow: hidden; position: absolute;\">\n\t\t\t\t\t\t<rs-slide style=\"position: absolute;\" data-key=\"rs-15\" data-title=\"Slide\" data-anim=\"adpr:false;\" data-in=\"o:0;\" data-out=\"a:false;\">\n\t\t\t\t\t\t\t<img decoding=\"async\" src=\"\/\/quartiere-immobilien.de\/wp-content\/plugins\/revslider\/sr6\/assets\/assets\/dummy.png\" alt=\"Slide\" title=\"With whom and why\" class=\"rev-slidebg tp-rs-img rs-lazyload\" data-lazyload=\"\/\/quartiere-immobilien.de\/wp-content\/plugins\/revslider\/sr6\/assets\/assets\/transparent.png\" data-no-retina>\n<!--\n\t\t\t\t\t\t\t--><rs-layer\n\t\t\t\t\t\t\t\tid=\"slider-15-slide-15-layer-0\" \n\t\t\t\t\t\t\t\tclass=\"slidercustomfont\"\n\t\t\t\t\t\t\t\tdata-type=\"text\"\n\t\t\t\t\t\t\t\tdata-color=\"#b33202\"\n\t\t\t\t\t\t\t\tdata-rsp_ch=\"on\"\n\t\t\t\t\t\t\t\tdata-xy=\"x:780px;y:190px;\"\n\t\t\t\t\t\t\t\tdata-text=\"w:normal;s:60;l:60;ls:2;\"\n\t\t\t\t\t\t\t\tdata-dim=\"minh:0;\"\n\t\t\t\t\t\t\t\tdata-frame_999=\"o:0;st:w;\"\n\t\t\t\t\t\t\t\tstyle=\"z-index:9;font-family:'Istok Web';\"\n\t\t\t\t\t\t\t>Partner \n\t\t\t\t\t\t\t<\/rs-layer><!--\n\n\t\t\t\t\t\t\t--><rs-layer\n\t\t\t\t\t\t\t\tid=\"slider-15-slide-15-layer-2\" \n\t\t\t\t\t\t\t\tclass=\"slidercustomfont\"\n\t\t\t\t\t\t\t\tdata-type=\"text\"\n\t\t\t\t\t\t\t\tdata-color=\"#ffffff\"\n\t\t\t\t\t\t\t\tdata-rsp_ch=\"on\"\n\t\t\t\t\t\t\t\tdata-xy=\"x:781px;y:250px;\"\n\t\t\t\t\t\t\t\tdata-text=\"w:normal;s:60;l:60;\"\n\t\t\t\t\t\t\t\tdata-dim=\"w:550px;\"\n\t\t\t\t\t\t\t\tdata-frame_999=\"o:0;st:w;\"\n\t\t\t\t\t\t\t\tstyle=\"z-index:8;font-family:'Istok Web';\"\n\t\t\t\t\t\t\t>Matter of trust \n\t\t\t\t\t\t\t<\/rs-layer><!--\n-->\t\t\t\t\t<\/rs-slide>\n\t\t\t\t\t<\/rs-slides>\n\t\t\t\t<\/rs-module>\n\t\t\t\t<script>\n\t\t\t\t\tsetREVStartSize({c: 'rev_slider_15_1',rl:[1240,1024,778,480],el:[450],gw:[1240],gh:[450],type:'hero',justify:'',layout:'fullwidth',mh:\"0\"});if (window.RS_MODULES!==undefined && window.RS_MODULES.modules!==undefined && window.RS_MODULES.modules[\"revslider151\"]!==undefined) {window.RS_MODULES.modules[\"revslider151\"].once = false;window.revapi15 = undefined;if (window.RS_MODULES.checkMinimal!==undefined) window.RS_MODULES.checkMinimal()}\n\t\t\t\t<\/script>\n\t\t\t<\/rs-module-wrap>\n\t\t\t<!-- END REVOLUTION SLIDER -->\n[\/vc_column][\/vc_row][vc_row css=&#8221;.vc_custom_1604657769730{padding-top: 90px !important;padding-bottom: 40px !important;}&#8221;][vc_column width=&#8221;1\/2&#8243;]<div class=\"dfd-heading-shortcode\"><div class=\"dfd-heading-module-wrap  text-left style_08 dfd-heading-69e746f948e9c dfd-disable-resposive-headings\" id=\"dfd-heading-69e746f948e9c\" ><div class=\"inline-block\"><div class=\"dfd-heading-module\"><h2 class=\"widget-sub-title dfd-sub-title \" style=\"\">Property develop\u00adment market<\/h2><div class=\"title-wrap\"><div class=\"dfd-heading-delimiter\"><\/div><h2 class=\"widget-title dfd-title \" style=\"\">Thinking outside the box<\/p>\n<p><\/h2><\/div><\/div><\/div><\/div><script type=\"text\/javascript\">\r\n\t\t\t\t\t\t\t\t\t(function($) {\r\n\t\t\t\t\t\t\t\t\t\t$(\"head\").append(\"<style>.dfd-heading-69e746f948e9c.dfd-heading-module-wrap .dfd-heading-module .dfd-heading-delimiter {border-bottom-style:solid;border-bottom-width:2px;width:55px;border-bottom-color:#b33202;}.dfd-heading-69e746f948e9c.dfd-heading-module-wrap .dfd-heading-module .dfd-heading-delimiter {margin-top:10px;margin-bottom:10px;}@media only screen and (max-width: 799px) {.dfd-heading-69e746f948e9c {text-align: left;}}<\/style>\");\r\n\t\t\t\t\t\t\t\t\t})(jQuery);\r\n\t\t\t\t\t\t\t\t<\/script><\/div>[\/vc_column][vc_column width=&#8221;1\/2&#8243;][vc_column_text css=&#8221;.vc_custom_1634731997186{padding-top: 0px !important;}&#8221;]<\/p>\n<blockquote><p>Observing the real estate market, recognizing trends, and staying up to date &#8211; I am able to achieve this through project work. In addition to my independent work, I also benefit from working for developers.<\/p><\/blockquote>\n<p>[\/vc_column_text][\/vc_column][\/vc_row][vc_row css=&#8221;.vc_custom_1604657849952{padding-top: 0px !important;padding-bottom: 0px !important;}&#8221;][vc_column width=&#8221;1\/2&#8243;][vc_column_text css=&#8221;.vc_custom_1604653196592{padding-top: 40px !important;}&#8221;]<\/p>\n<h3>INVENTIO Projectpartner<\/h3>\n<p>[\/vc_column_text][\/vc_column][vc_column width=&#8221;1\/2&#8243;][vc_column_text css=&#8221;.vc_custom_1635151559383{padding-top: 40px !important;}&#8221;]Since 2012, I have been a permanent part of the sales team of <a href=\"https:\/\/inventio.de\/en\/unternehmen\/\" target=\"_blank\" rel=\"noopener noreferrer\">INVENTIO Projectpartner GmbH<\/a> from Munich. The projects &#8211; all including best locations and outstanding architecture. Paired with aesthetically sophisticated and target-group-specific sales marketing, the collaboration is always a lot of fun. We get along!<\/p>\n<ul>\n<li><a href=\"https:\/\/inventio.de\/en\/projekte\/willno16\/\" target=\"_blank\" rel=\"noopener noreferrer\">Munich: Will N\u00b0 16<\/a><\/li>\n<li><a href=\"https:\/\/inventio.de\/en\/projekte\/in-tower\/\" target=\"_blank\" rel=\"noopener noreferrer\">Ingoldstadt: IN-Tower<\/a><\/li>\n<li><a href=\"https:\/\/inventio.de\/en\/projekte\/nymphenburger-hoefe\/\" target=\"_blank\" rel=\"noopener noreferrer\">Munich: Nymphenburger H\u00f6fe<\/a><\/li>\n<\/ul>\n<p>[\/vc_column_text][\/vc_column][\/vc_row][vc_row css=&#8221;.vc_custom_1604657862511{padding-top: 40px !important;padding-bottom: 70px !important;}&#8221;][vc_column width=&#8221;1\/2&#8243;][vc_column_text css=&#8221;.vc_custom_1604653224569{padding-top: 40px !important;}&#8221;]<\/p>\n<h3>iSCP group<\/h3>\n<p>[\/vc_column_text][\/vc_column][vc_column width=&#8221;1\/2&#8243;][vc_column_text css=&#8221;.vc_custom_1634732196880{padding-top: 40px !important;}&#8221;]The cooperation with <a href=\"https:\/\/www.iscp-group.com\/\" target=\"_blank\" rel=\"noopener noreferrer\">Christian Sternke<\/a> (iSCP group) works in almost blind faith. For <a href=\"http:\/\/frei-essler.com\/\" target=\"_blank\" rel=\"noopener noreferrer\">Radtke Essler Immobilien GmbH<\/a> from Starnberg, we have so far sold two new construction projects in the surrounding area of Munich. Both also special architectural pieces of the office <a href=\"https:\/\/www.raumstation-architekten.de\/profil.html\" target=\"_blank\" rel=\"noopener noreferrer\">raumstation Architekten GmbH<\/a>, Starnberg.<\/p>\n<p>Always a great pleasure to present the successful implemen\u00adtation between rural area and urban use requirements to the customer. Many will understand!<\/p>\n<ul>\n<li>Andechs-Erling: &#8220;Wohnateliers am Kienbach&#8221; with 15 apartments distributed over 3 houses on the former Andechs dairy property.<\/li>\n<li>Grafing: &#8220;Am Sonnenanger&#8221; 22 semi-detached houses with spacious plots in three different looks and sizes.<\/li>\n<\/ul>\n<p>[\/vc_column_text][\/vc_column][\/vc_row][vc_row dfd_bg_style=&#8221;image&#8221; dfd_bg_image_new=&#8221;852&#8243; css=&#8221;.vc_custom_1605275403900{padding-top: 200px !important;padding-bottom: 200px !important;}&#8221; dfd_bg_image_new_responsive=&#8221;908&#8243;][vc_column][\/vc_column][\/vc_row][vc_row css=&#8221;.vc_custom_1592502565907{padding-top: 90px !important;padding-bottom: 0px !important;}&#8221;][vc_column width=&#8221;1\/2&#8243;]<div class=\"dfd-heading-shortcode\"><div class=\"dfd-heading-module-wrap  text-left style_08 dfd-heading-69e746f948f7d dfd-disable-resposive-headings\" id=\"dfd-heading-69e746f948f7d\" ><div class=\"inline-block\"><div class=\"dfd-heading-module\"><h2 class=\"widget-sub-title dfd-sub-title \" style=\"\">Cooperation<\/h2><div class=\"title-wrap\"><div class=\"dfd-heading-delimiter\"><\/div><h2 class=\"widget-title dfd-title \" style=\"\">With whom and why<\/p>\n<p><\/h2><\/div><\/div><\/div><\/div><script type=\"text\/javascript\">\r\n\t\t\t\t\t\t\t\t\t(function($) {\r\n\t\t\t\t\t\t\t\t\t\t$(\"head\").append(\"<style>.dfd-heading-69e746f948f7d.dfd-heading-module-wrap .dfd-heading-module .dfd-heading-delimiter {border-bottom-style:solid;border-bottom-width:2px;width:55px;border-bottom-color:#b33202;}.dfd-heading-69e746f948f7d.dfd-heading-module-wrap .dfd-heading-module .dfd-heading-delimiter {margin-top:10px;margin-bottom:10px;}@media only screen and (max-width: 799px) {.dfd-heading-69e746f948f7d {text-align: left;}}<\/style>\");\r\n\t\t\t\t\t\t\t\t\t})(jQuery);\r\n\t\t\t\t\t\t\t\t<\/script><\/div>[\/vc_column][vc_column width=&#8221;1\/2&#8243;][vc_column_text css=&#8221;.vc_custom_1634732282364{padding-top: 0px !important;}&#8221;]<\/p>\n<blockquote><p>I firmly believe that together we can achieve more. As a real estate economist, I&#8217;m not just doing a job, we&#8217;re creating a new beginning together<\/p><\/blockquote>\n<p>[\/vc_column_text][\/vc_column][\/vc_row][vc_row css=&#8221;.vc_custom_1604656491183{padding-top: 90px !important;padding-bottom: 0px !important;}&#8221;][vc_column width=&#8221;1\/2&#8243;][vc_column_text css=&#8221;.vc_custom_1634732361586{padding-top: 40px !important;}&#8221;]<\/p>\n<h3>Planungs\u00adgemein\u00adschaft raum+<\/h3>\n<p>Architecture and interior design[\/vc_column_text][vc_single_image image=&#8221;895&#8243; img_size=&#8221;full&#8221; css=&#8221;.vc_custom_1605172473425{padding-top: 20px !important;}&#8221;][\/vc_column][vc_column width=&#8221;1\/2&#8243;][vc_column_text css=&#8221;.vc_custom_1634732325876{padding-top: 40px !important;}&#8221;]<strong>Saskia van Luyn<\/strong> and <strong>Thomas Reinhold<\/strong> have been very trusted advisors and business partners of mine for a long time. The creative exchange about any design facets regarding the interior and exterior of a property, possibilities and impossibilities as well as the courage for unusual, border-crossing ideas.<\/p>\n<p>I have put the design and planning of my own house in their hands.<\/p>\n<p><a href=\"https:\/\/www.arch-rp.de\/\" target=\"_blank\" rel=\"noopener noreferrer\">Website Planungsgemeinschaft raum+<\/a>[\/vc_column_text][\/vc_column][\/vc_row][vc_row css=&#8221;.vc_custom_1604657266574{padding-top: 70px !important;padding-bottom: 0px !important;}&#8221;][vc_column width=&#8221;1\/2&#8243;][vc_column_text css=&#8221;.vc_custom_1634732383547{padding-top: 40px !important;}&#8221;]<\/p>\n<h3>Ruhe und Sturm<\/h3>\n<p>Design and communication[\/vc_column_text][vc_single_image image=&#8221;875&#8243; img_size=&#8221;300&#215;200&#8243; css=&#8221;.vc_custom_1604919909936{padding-top: 20px !important;}&#8221;][\/vc_column][vc_column width=&#8221;1\/2&#8243;][vc_column_text css=&#8221;.vc_custom_1634732420435{padding-top: 40px !important;padding-bottom: 40px !important;}&#8221;]With <strong>Yvonne Kornas<\/strong> I share a creative friendship that only two free spirits can do. Yvonne Kornas finds the pictures to my words and vice versa.<\/p>\n<p>Fireworks! &#8230;and best brainstorming partner!<\/p>\n<p><a href=\"https:\/\/ruheundsturm.de\/\" target=\"_blank\" rel=\"noopener noreferrer\">Website Ruhe und Sturm<\/a>[\/vc_column_text][\/vc_column][\/vc_row][vc_row css=&#8221;.vc_custom_1604657276365{padding-top: 70px !important;padding-bottom: 0px !important;}&#8221;][vc_column width=&#8221;1\/2&#8243;][vc_column_text css=&#8221;.vc_custom_1741685666413{padding-top: 40px !important;}&#8221;]<\/p>\n<h3>bb BIRGIT BIERE<\/h3>\n<p>Marketing &amp; Communication[\/vc_column_text][vc_single_image image=&#8221;881&#8243; img_size=&#8221;full&#8221; css=&#8221;.vc_custom_1604919957276{padding-top: 20px !important;}&#8221;][\/vc_column][vc_column width=&#8221;1\/2&#8243;][vc_column_text css=&#8221;.vc_custom_1741685690441{padding-top: 40px !important;padding-bottom: 40px !important;}&#8221;]<strong>Birgit Biere<\/strong> brilliantly transforms my creative ideas into successful online marketing &#8211; a field where I still have a lot to learn. Birgit can do it all! I am all the more grateful for the understanding and ever prompt collaboration with her.<\/p>\n<p><a href=\"https:\/\/birgit-biere.de\/\" target=\"_blank\" rel=\"noopener noreferrer\">Website bb BIRGIT BIERE<\/a><\/p>\n<p>[\/vc_column_text][\/vc_column][\/vc_row][vc_row css=&#8221;.vc_custom_1627282545460{padding-top: 70px !important;padding-bottom: 0px !important;}&#8221;][vc_column width=&#8221;1\/2&#8243;][vc_column_text css=&#8221;.vc_custom_1634732490428{padding-top: 40px !important;}&#8221;]<\/p>\n<h3>Maren Martschenko<\/h3>\n<p>Brand consulting[\/vc_column_text][vc_single_image image=&#8221;888&#8243; img_size=&#8221;full&#8221; css=&#8221;.vc_custom_1605085641636{padding-top: 20px !important;}&#8221;][\/vc_column][vc_column width=&#8221;1\/2&#8243;][vc_column_text css=&#8221;.vc_custom_1634732521435{padding-top: 40px !important;padding-bottom: 40px !important;}&#8221;]Translated into real estate language, <strong>Maren Martschenko<\/strong> is my energy consultant: Which raw material has the best efficiency for sustainable success of my service? With structure and efficiency, she supports me as a coach questioning my professional actions and rethinking the entrenched. Encounters that shift things, sharpen the view and are incredibly motivating!<\/p>\n<p><a href=\"https:\/\/marenmartschenko.de\/\" target=\"_blank\" rel=\"noopener noreferrer\">Website Maren Martschenko<\/a>[\/vc_column_text][\/vc_column][\/vc_row][vc_row css=&#8221;.vc_custom_1604657284973{padding-top: 70px !important;padding-bottom: 70px !important;}&#8221;][vc_column width=&#8221;1\/2&#8243;][vc_column_text css=&#8221;.vc_custom_1634732539924{padding-top: 40px !important;}&#8221;]<\/p>\n<h3>Emily Pickerill<\/h3>\n<p>English translator and sworn interpreter[\/vc_column_text][vc_single_image image=&#8221;1418&#8243; img_size=&#8221;full&#8221; css=&#8221;.vc_custom_1627281166760{padding-top: 20px !important;}&#8221;][\/vc_column][vc_column width=&#8221;1\/2&#8243;][vc_column_text css=&#8221;.vc_custom_1634732584216{padding-top: 40px !important;padding-bottom: 40px !important;}&#8221;]When serving exclusively English-speaking clients, the presence of a sworn translator is required at the notary appointment. In these cases, calling <strong>Emily Pickerill<\/strong> is all it takes.<\/p>\n<p>Her cooperation with the clients, the notary, and all other parties involved is absolutely professional, reliable and experienced. A valuable addition to my professional practice, which I appreciate very much!<\/p>\n<p><a href=\"https:\/\/language-boutique.de\/muenchen\/uebersetzer-dolmetscher\/englisch\/pickerill.html\" target=\"_blank\" rel=\"noopener noreferrer\">Website Emily Pickerill<\/a>[\/vc_column_text][\/vc_column][\/vc_row]<\/p>\n<\/div>","protected":false},"excerpt":{"rendered":"<p>[vc_row][vc_column][\/vc_column][\/vc_row][vc_row css=&#8221;.vc_custom_1604657769730{padding-top: 90px !important;padding-bottom: 40px !important;}&#8221;][vc_column width=&#8221;1\/2&#8243;][\/vc_column][vc_column width=&#8221;1\/2&#8243;][vc_column_text css=&#8221;.vc_custom_1634731997186{padding-top: 0px !important;}&#8221;] Observing the real estate market, recognizing trends, and staying up to date &#8211; I am able to achieve this<\/p>\n","protected":false},"author":1,"featured_media":1503,"parent":0,"menu_order":0,"comment_status":"closed","ping_status":"closed","template":"page-custom.php","meta":{"footnotes":""},"class_list":["post-1599","page","type-page","status-publish","has-post-thumbnail","hentry"],"yoast_head":"<!-- This site is optimized with the Yoast SEO plugin v27.4 - https:\/\/yoast.com\/product\/yoast-seo-wordpress\/ -->\n<title>Quartiere Ulrike K\u00fcpper, real estate economics - Partner<\/title>\n<meta name=\"description\" content=\"It&#039;s good to know you can rely on partners!\" \/>\n<meta name=\"robots\" content=\"index, follow, max-snippet:-1, max-image-preview:large, max-video-preview:-1\" \/>\n<link rel=\"canonical\" href=\"https:\/\/quartiere-immobilien.de\/en\/with-whom-and-why\/\" \/>\n<meta property=\"og:locale\" content=\"en_US\" \/>\n<meta property=\"og:type\" content=\"article\" \/>\n<meta property=\"og:title\" content=\"Quartiere Ulrike K\u00fcpper, real estate economics - Partner\" \/>\n<meta property=\"og:description\" content=\"It&#039;s good to know you can rely on partners!\" \/>\n<meta property=\"og:url\" content=\"https:\/\/quartiere-immobilien.de\/en\/with-whom-and-why\/\" \/>\n<meta property=\"og:site_name\" content=\"Quartiere Ulrike K\u00fcpper | Immobilien\u00f6konomin in M\u00fcnchen und Umgebung\" \/>\n<meta property=\"article:modified_time\" content=\"2025-03-11T09:35:01+00:00\" \/>\n<meta property=\"og:image\" content=\"https:\/\/quartiere-immobilien.de\/wp-content\/uploads\/ulrike-kuepper-1352_saskia-nathalie-betz_header.jpg\" \/>\n\t<meta property=\"og:image:width\" content=\"1920\" \/>\n\t<meta property=\"og:image:height\" content=\"500\" \/>\n\t<meta property=\"og:image:type\" content=\"image\/jpeg\" \/>\n<meta name=\"twitter:card\" content=\"summary_large_image\" \/>\n<meta name=\"twitter:label1\" content=\"Est. reading time\" \/>\n\t<meta name=\"twitter:data1\" content=\"6 minutes\" \/>\n<script type=\"application\/ld+json\" class=\"yoast-schema-graph\">{\"@context\":\"https:\\\/\\\/schema.org\",\"@graph\":[{\"@type\":\"WebPage\",\"@id\":\"https:\\\/\\\/quartiere-immobilien.de\\\/en\\\/with-whom-and-why\\\/\",\"url\":\"https:\\\/\\\/quartiere-immobilien.de\\\/en\\\/with-whom-and-why\\\/\",\"name\":\"Quartiere Ulrike K\u00fcpper, real estate economics - Partner\",\"isPartOf\":{\"@id\":\"https:\\\/\\\/quartiere-immobilien.de\\\/#website\"},\"primaryImageOfPage\":{\"@id\":\"https:\\\/\\\/quartiere-immobilien.de\\\/en\\\/with-whom-and-why\\\/#primaryimage\"},\"image\":{\"@id\":\"https:\\\/\\\/quartiere-immobilien.de\\\/en\\\/with-whom-and-why\\\/#primaryimage\"},\"thumbnailUrl\":\"https:\\\/\\\/quartiere-immobilien.de\\\/wp-content\\\/uploads\\\/ulrike-kuepper-1352_saskia-nathalie-betz_header.jpg\",\"datePublished\":\"2021-10-20T12:06:35+00:00\",\"dateModified\":\"2025-03-11T09:35:01+00:00\",\"description\":\"It's good to know you can rely on partners!\",\"breadcrumb\":{\"@id\":\"https:\\\/\\\/quartiere-immobilien.de\\\/en\\\/with-whom-and-why\\\/#breadcrumb\"},\"inLanguage\":\"en-US\",\"potentialAction\":[{\"@type\":\"ReadAction\",\"target\":[\"https:\\\/\\\/quartiere-immobilien.de\\\/en\\\/with-whom-and-why\\\/\"]}]},{\"@type\":\"ImageObject\",\"inLanguage\":\"en-US\",\"@id\":\"https:\\\/\\\/quartiere-immobilien.de\\\/en\\\/with-whom-and-why\\\/#primaryimage\",\"url\":\"https:\\\/\\\/quartiere-immobilien.de\\\/wp-content\\\/uploads\\\/ulrike-kuepper-1352_saskia-nathalie-betz_header.jpg\",\"contentUrl\":\"https:\\\/\\\/quartiere-immobilien.de\\\/wp-content\\\/uploads\\\/ulrike-kuepper-1352_saskia-nathalie-betz_header.jpg\",\"width\":1920,\"height\":500},{\"@type\":\"BreadcrumbList\",\"@id\":\"https:\\\/\\\/quartiere-immobilien.de\\\/en\\\/with-whom-and-why\\\/#breadcrumb\",\"itemListElement\":[{\"@type\":\"ListItem\",\"position\":1,\"name\":\"Startseite\",\"item\":\"https:\\\/\\\/quartiere-immobilien.de\\\/en\\\/\"},{\"@type\":\"ListItem\",\"position\":2,\"name\":\"With whom and why\"}]},{\"@type\":\"WebSite\",\"@id\":\"https:\\\/\\\/quartiere-immobilien.de\\\/#website\",\"url\":\"https:\\\/\\\/quartiere-immobilien.de\\\/\",\"name\":\"Quartiere Ulrike K\u00fcpper | Immobilien\u00f6konomin in M\u00fcnchen und Umgebung\",\"description\":\"Immobilienmaklerin f\u00fcr den Verkauf und die Vermietung von H\u00e4usern, Wohnungen und Grundst\u00fccken\",\"publisher\":{\"@id\":\"https:\\\/\\\/quartiere-immobilien.de\\\/#\\\/schema\\\/person\\\/c50210d0ae2919c13af2895489aa322c\"},\"potentialAction\":[{\"@type\":\"SearchAction\",\"target\":{\"@type\":\"EntryPoint\",\"urlTemplate\":\"https:\\\/\\\/quartiere-immobilien.de\\\/?s={search_term_string}\"},\"query-input\":{\"@type\":\"PropertyValueSpecification\",\"valueRequired\":true,\"valueName\":\"search_term_string\"}}],\"inLanguage\":\"en-US\"},{\"@type\":[\"Person\",\"Organization\"],\"@id\":\"https:\\\/\\\/quartiere-immobilien.de\\\/#\\\/schema\\\/person\\\/c50210d0ae2919c13af2895489aa322c\",\"name\":\"Ulrike Kuepper\",\"image\":{\"@type\":\"ImageObject\",\"inLanguage\":\"en-US\",\"@id\":\"https:\\\/\\\/quartiere-immobilien.de\\\/wp-content\\\/uploads\\\/ulrike-kuepper-74_saskianathaliebetz_mobile.jpg\",\"url\":\"https:\\\/\\\/quartiere-immobilien.de\\\/wp-content\\\/uploads\\\/ulrike-kuepper-74_saskianathaliebetz_mobile.jpg\",\"contentUrl\":\"https:\\\/\\\/quartiere-immobilien.de\\\/wp-content\\\/uploads\\\/ulrike-kuepper-74_saskianathaliebetz_mobile.jpg\",\"width\":501,\"height\":500,\"caption\":\"Ulrike Kuepper\"},\"logo\":{\"@id\":\"https:\\\/\\\/quartiere-immobilien.de\\\/wp-content\\\/uploads\\\/ulrike-kuepper-74_saskianathaliebetz_mobile.jpg\"},\"sameAs\":[\"https:\\\/\\\/quartiere-immobilien.de\\\/\"]}]}<\/script>\n<!-- \/ Yoast SEO plugin. -->","yoast_head_json":{"title":"Quartiere Ulrike K\u00fcpper, real estate economics - Partner","description":"It's good to know you can rely on partners!","robots":{"index":"index","follow":"follow","max-snippet":"max-snippet:-1","max-image-preview":"max-image-preview:large","max-video-preview":"max-video-preview:-1"},"canonical":"https:\/\/quartiere-immobilien.de\/en\/with-whom-and-why\/","og_locale":"en_US","og_type":"article","og_title":"Quartiere Ulrike K\u00fcpper, real estate economics - Partner","og_description":"It's good to know you can rely on partners!","og_url":"https:\/\/quartiere-immobilien.de\/en\/with-whom-and-why\/","og_site_name":"Quartiere Ulrike K\u00fcpper | Immobilien\u00f6konomin in M\u00fcnchen und Umgebung","article_modified_time":"2025-03-11T09:35:01+00:00","og_image":[{"width":1920,"height":500,"url":"https:\/\/quartiere-immobilien.de\/wp-content\/uploads\/ulrike-kuepper-1352_saskia-nathalie-betz_header.jpg","type":"image\/jpeg"}],"twitter_card":"summary_large_image","twitter_misc":{"Est. reading time":"6 minutes"},"schema":{"@context":"https:\/\/schema.org","@graph":[{"@type":"WebPage","@id":"https:\/\/quartiere-immobilien.de\/en\/with-whom-and-why\/","url":"https:\/\/quartiere-immobilien.de\/en\/with-whom-and-why\/","name":"Quartiere Ulrike K\u00fcpper, real estate economics - Partner","isPartOf":{"@id":"https:\/\/quartiere-immobilien.de\/#website"},"primaryImageOfPage":{"@id":"https:\/\/quartiere-immobilien.de\/en\/with-whom-and-why\/#primaryimage"},"image":{"@id":"https:\/\/quartiere-immobilien.de\/en\/with-whom-and-why\/#primaryimage"},"thumbnailUrl":"https:\/\/quartiere-immobilien.de\/wp-content\/uploads\/ulrike-kuepper-1352_saskia-nathalie-betz_header.jpg","datePublished":"2021-10-20T12:06:35+00:00","dateModified":"2025-03-11T09:35:01+00:00","description":"It's good to know you can rely on partners!","breadcrumb":{"@id":"https:\/\/quartiere-immobilien.de\/en\/with-whom-and-why\/#breadcrumb"},"inLanguage":"en-US","potentialAction":[{"@type":"ReadAction","target":["https:\/\/quartiere-immobilien.de\/en\/with-whom-and-why\/"]}]},{"@type":"ImageObject","inLanguage":"en-US","@id":"https:\/\/quartiere-immobilien.de\/en\/with-whom-and-why\/#primaryimage","url":"https:\/\/quartiere-immobilien.de\/wp-content\/uploads\/ulrike-kuepper-1352_saskia-nathalie-betz_header.jpg","contentUrl":"https:\/\/quartiere-immobilien.de\/wp-content\/uploads\/ulrike-kuepper-1352_saskia-nathalie-betz_header.jpg","width":1920,"height":500},{"@type":"BreadcrumbList","@id":"https:\/\/quartiere-immobilien.de\/en\/with-whom-and-why\/#breadcrumb","itemListElement":[{"@type":"ListItem","position":1,"name":"Startseite","item":"https:\/\/quartiere-immobilien.de\/en\/"},{"@type":"ListItem","position":2,"name":"With whom and why"}]},{"@type":"WebSite","@id":"https:\/\/quartiere-immobilien.de\/#website","url":"https:\/\/quartiere-immobilien.de\/","name":"Quartiere Ulrike K\u00fcpper | Immobilien\u00f6konomin in M\u00fcnchen und Umgebung","description":"Immobilienmaklerin f\u00fcr den Verkauf und die Vermietung von H\u00e4usern, Wohnungen und Grundst\u00fccken","publisher":{"@id":"https:\/\/quartiere-immobilien.de\/#\/schema\/person\/c50210d0ae2919c13af2895489aa322c"},"potentialAction":[{"@type":"SearchAction","target":{"@type":"EntryPoint","urlTemplate":"https:\/\/quartiere-immobilien.de\/?s={search_term_string}"},"query-input":{"@type":"PropertyValueSpecification","valueRequired":true,"valueName":"search_term_string"}}],"inLanguage":"en-US"},{"@type":["Person","Organization"],"@id":"https:\/\/quartiere-immobilien.de\/#\/schema\/person\/c50210d0ae2919c13af2895489aa322c","name":"Ulrike Kuepper","image":{"@type":"ImageObject","inLanguage":"en-US","@id":"https:\/\/quartiere-immobilien.de\/wp-content\/uploads\/ulrike-kuepper-74_saskianathaliebetz_mobile.jpg","url":"https:\/\/quartiere-immobilien.de\/wp-content\/uploads\/ulrike-kuepper-74_saskianathaliebetz_mobile.jpg","contentUrl":"https:\/\/quartiere-immobilien.de\/wp-content\/uploads\/ulrike-kuepper-74_saskianathaliebetz_mobile.jpg","width":501,"height":500,"caption":"Ulrike Kuepper"},"logo":{"@id":"https:\/\/quartiere-immobilien.de\/wp-content\/uploads\/ulrike-kuepper-74_saskianathaliebetz_mobile.jpg"},"sameAs":["https:\/\/quartiere-immobilien.de\/"]}]}},"_links":{"self":[{"href":"https:\/\/quartiere-immobilien.de\/en\/wp-json\/wp\/v2\/pages\/1599","targetHints":{"allow":["GET"]}}],"collection":[{"href":"https:\/\/quartiere-immobilien.de\/en\/wp-json\/wp\/v2\/pages"}],"about":[{"href":"https:\/\/quartiere-immobilien.de\/en\/wp-json\/wp\/v2\/types\/page"}],"author":[{"embeddable":true,"href":"https:\/\/quartiere-immobilien.de\/en\/wp-json\/wp\/v2\/users\/1"}],"replies":[{"embeddable":true,"href":"https:\/\/quartiere-immobilien.de\/en\/wp-json\/wp\/v2\/comments?post=1599"}],"version-history":[{"count":1,"href":"https:\/\/quartiere-immobilien.de\/en\/wp-json\/wp\/v2\/pages\/1599\/revisions"}],"predecessor-version":[{"id":3725,"href":"https:\/\/quartiere-immobilien.de\/en\/wp-json\/wp\/v2\/pages\/1599\/revisions\/3725"}],"wp:featuredmedia":[{"embeddable":true,"href":"https:\/\/quartiere-immobilien.de\/en\/wp-json\/wp\/v2\/media\/1503"}],"wp:attachment":[{"href":"https:\/\/quartiere-immobilien.de\/en\/wp-json\/wp\/v2\/media?parent=1599"}],"curies":[{"name":"wp","href":"https:\/\/api.w.org\/{rel}","templated":true}]}}