{"id":1596,"date":"2021-10-20T13:47:33","date_gmt":"2021-10-20T11:47:33","guid":{"rendered":"https:\/\/quartiere-immobilien.de\/who-and-why\/"},"modified":"2022-09-14T11:35:38","modified_gmt":"2022-09-14T09:35:38","slug":"who-and-why","status":"publish","type":"page","link":"https:\/\/quartiere-immobilien.de\/en\/who-and-why\/","title":{"rendered":"Who and why"},"content":{"rendered":"<div class=\"wpb-content-wrapper\"><p>[vc_row][vc_column]\n\t\t\t<!-- START sliderweren REVOLUTION SLIDER 6.7.35 --><p class=\"rs-p-wp-fix\"><\/p>\n\t\t\t<rs-module-wrap id=\"rev_slider_14_1_wrapper\" data-source=\"gallery\" style=\"visibility:hidden;background:transparent;padding:0;margin:0px auto;margin-top:0;margin-bottom:0;background-image:url(https:\/\/quartiere-immobilien.de\/wp-content\/uploads\/ulrike-kuepper-252_saskia-nathalie-betz_kundengespraech.jpg);background-repeat:no-repeat;background-size:cover;background-position:center top;\">\n\t\t\t\t<rs-module id=\"rev_slider_14_1\" style=\"\" data-version=\"6.7.35\">\n\t\t\t\t\t<rs-slides style=\"overflow: hidden; position: absolute;\">\n\t\t\t\t\t\t<rs-slide style=\"position: absolute;\" data-key=\"rs-14\" data-title=\"Slide\" data-anim=\"adpr:false;\" data-in=\"o:0;\" data-out=\"a:false;\">\n\t\t\t\t\t\t\t<img decoding=\"async\" src=\"\/\/quartiere-immobilien.de\/wp-content\/plugins\/revslider\/sr6\/assets\/assets\/dummy.png\" alt=\"Slide\" title=\"Who and why\" class=\"rev-slidebg tp-rs-img rs-lazyload\" data-lazyload=\"\/\/quartiere-immobilien.de\/wp-content\/plugins\/revslider\/sr6\/assets\/assets\/transparent.png\" data-no-retina>\n<!--\n\t\t\t\t\t\t\t--><rs-layer\n\t\t\t\t\t\t\t\tid=\"slider-14-slide-14-layer-0\" \n\t\t\t\t\t\t\t\tclass=\"slidercustomfont\"\n\t\t\t\t\t\t\t\tdata-type=\"text\"\n\t\t\t\t\t\t\t\tdata-color=\"#b33202\"\n\t\t\t\t\t\t\t\tdata-rsp_ch=\"on\"\n\t\t\t\t\t\t\t\tdata-xy=\"x:800px;y:189px;\"\n\t\t\t\t\t\t\t\tdata-text=\"w:normal;s:60;l:60;ls:2;\"\n\t\t\t\t\t\t\t\tdata-dim=\"minh:0;\"\n\t\t\t\t\t\t\t\tdata-frame_999=\"o:0;st:w;\"\n\t\t\t\t\t\t\t\tstyle=\"z-index:9;font-family:'Istok Web';\"\n\t\t\t\t\t\t\t>Who and why \n\t\t\t\t\t\t\t<\/rs-layer><!--\n\n\t\t\t\t\t\t\t--><rs-layer\n\t\t\t\t\t\t\t\tid=\"slider-14-slide-14-layer-2\" \n\t\t\t\t\t\t\t\tclass=\"slidercustomfont\"\n\t\t\t\t\t\t\t\tdata-type=\"text\"\n\t\t\t\t\t\t\t\tdata-color=\"#473332\"\n\t\t\t\t\t\t\t\tdata-rsp_ch=\"on\"\n\t\t\t\t\t\t\t\tdata-xy=\"x:800px;y:250px;\"\n\t\t\t\t\t\t\t\tdata-text=\"w:normal;s:60;l:60;\"\n\t\t\t\t\t\t\t\tdata-dim=\"w:550px;\"\n\t\t\t\t\t\t\t\tdata-frame_999=\"o:0;st:w;\"\n\t\t\t\t\t\t\t\tstyle=\"z-index:8;font-family:'Istok Web';\"\n\t\t\t\t\t\t\t>Ulrike K\u00fcpper \n\t\t\t\t\t\t\t<\/rs-layer><!--\n-->\t\t\t\t\t<\/rs-slide>\n\t\t\t\t\t<\/rs-slides>\n\t\t\t\t<\/rs-module>\n\t\t\t\t<script>\n\t\t\t\t\tsetREVStartSize({c: 'rev_slider_14_1',rl:[1240,1024,778,480],el:[450],gw:[1240],gh:[450],type:'hero',justify:'',layout:'fullwidth',mh:\"0\"});if (window.RS_MODULES!==undefined && window.RS_MODULES.modules!==undefined && window.RS_MODULES.modules[\"revslider141\"]!==undefined) {window.RS_MODULES.modules[\"revslider141\"].once = false;window.revapi14 = undefined;if (window.RS_MODULES.checkMinimal!==undefined) window.RS_MODULES.checkMinimal()}\n\t\t\t\t<\/script>\n\t\t\t<\/rs-module-wrap>\n\t\t\t<!-- END REVOLUTION SLIDER -->\n[\/vc_column][\/vc_row][vc_row css=&#8221;.vc_custom_1592393191131{padding-top: 90px !important;}&#8221;][vc_column width=&#8221;1\/2&#8243; css=&#8221;.vc_custom_1592735252840{padding-bottom: 40px !important;}&#8221; col_shadow=&#8221;box_shadow_enable:disable|shadow_horizontal:0|shadow_vertical:15|shadow_blur:50|shadow_spread:0|box_shadow_color:rgba(0%2C0%2C0%2C0.35)&#8221; col_shadow_hover=&#8221;box_shadow_enable:disable|shadow_horizontal:0|shadow_vertical:15|shadow_blur:50|shadow_spread:0|box_shadow_color:rgba(0%2C0%2C0%2C0.35)&#8221;]<div class=\"dfd-heading-shortcode\"><div class=\"dfd-heading-module-wrap  text-left style_08 dfd-heading-69e4baf1458af dfd-disable-resposive-headings\" id=\"dfd-heading-69e4baf1458af\" ><div class=\"inline-block\"><div class=\"dfd-heading-module\"><h2 class=\"widget-sub-title dfd-sub-title \" style=\"\">My definition of success<\/h2><div class=\"title-wrap\"><div class=\"dfd-heading-delimiter\"><\/div><h2 class=\"widget-title dfd-title \" style=\"\">How I think<\/p>\n<p><\/h2><\/div><\/div><\/div><\/div><script type=\"text\/javascript\">\r\n\t\t\t\t\t\t\t\t\t(function($) {\r\n\t\t\t\t\t\t\t\t\t\t$(\"head\").append(\"<style>.dfd-heading-69e4baf1458af.dfd-heading-module-wrap .dfd-heading-module .dfd-heading-delimiter {border-bottom-style:solid;border-bottom-width:2px;width:55px;border-bottom-color:#b33202;}.dfd-heading-69e4baf1458af.dfd-heading-module-wrap .dfd-heading-module .dfd-heading-delimiter {margin-top:10px;margin-bottom:10px;}@media only screen and (max-width: 799px) {.dfd-heading-69e4baf1458af {text-align: left;}}<\/style>\");\r\n\t\t\t\t\t\t\t\t\t})(jQuery);\r\n\t\t\t\t\t\t\t\t<\/script><\/div>[\/vc_column][vc_column width=&#8221;1\/2&#8243;][vc_column_text css=&#8221;.vc_custom_1634730572002{padding-top: 0px !important;padding-bottom: 0px !important;}&#8221;]<\/p>\n<blockquote><p>The greatest moment of happiness in my profession is when my sellers are satisfied and hand over their property reassured and safe to joyful, excited, and happy buyers.<\/p><\/blockquote>\n<p>[\/vc_column_text][\/vc_column][\/vc_row][vc_row css=&#8221;.vc_custom_1595931971448{padding-top: 40px !important;padding-bottom: 90px !important;}&#8221;][vc_column width=&#8221;1\/2&#8243; css=&#8221;.vc_custom_1592735414632{padding-bottom: 40px !important;}&#8221; col_shadow=&#8221;box_shadow_enable:disable|shadow_horizontal:0|shadow_vertical:15|shadow_blur:50|shadow_spread:0|box_shadow_color:rgba(0%2C0%2C0%2C0.35)&#8221; col_shadow_hover=&#8221;box_shadow_enable:disable|shadow_horizontal:0|shadow_vertical:15|shadow_blur:50|shadow_spread:0|box_shadow_color:rgba(0%2C0%2C0%2C0.35)&#8221;]<div class=\"dfd-heading-shortcode\"><div class=\"dfd-heading-module-wrap  text-left style_08 dfd-heading-69e4baf145dec dfd-disable-resposive-headings\" id=\"dfd-heading-69e4baf145dec\" ><div class=\"inline-block\"><div class=\"dfd-heading-module\"><h2 class=\"widget-sub-title dfd-sub-title \" style=\"\">The idea<\/h2><div class=\"title-wrap\"><div class=\"dfd-heading-delimiter\"><\/div><h2 class=\"widget-title dfd-title \" style=\"\">Quartiere<\/p>\n<p><\/h2><\/div><\/div><\/div><\/div><script type=\"text\/javascript\">\r\n\t\t\t\t\t\t\t\t\t(function($) {\r\n\t\t\t\t\t\t\t\t\t\t$(\"head\").append(\"<style>.dfd-heading-69e4baf145dec.dfd-heading-module-wrap .dfd-heading-module .dfd-heading-delimiter {border-bottom-style:solid;border-bottom-width:2px;width:55px;border-bottom-color:#b33202;}.dfd-heading-69e4baf145dec.dfd-heading-module-wrap .dfd-heading-module .dfd-heading-delimiter {margin-top:10px;margin-bottom:10px;}@media only screen and (max-width: 799px) {.dfd-heading-69e4baf145dec {text-align: left;}}<\/style>\");\r\n\t\t\t\t\t\t\t\t\t})(jQuery);\r\n\t\t\t\t\t\t\t\t<\/script><\/div>[\/vc_column][vc_column width=&#8221;1\/2&#8243;][vc_column_text css=&#8221;.vc_custom_1634730676482{padding-top: 0px !important;padding-bottom: 0px !important;}&#8221;]&#8221;Quartiere&#8221; are generally understood as accommodation.<\/p>\n<p>In the context of urban development, &#8220;Quartiere&#8221; are urban areas, districts or city\u2019s quarters. They are the living space surrounding us, the environment in which we root and develop.<\/p>\n<p>The feeling and intuitive power for beautiful places comes naturally to some of us. It is always a question of perspective and the current life situation where one can feel at home. In my almost 30 years of working in the Munich real estate market, I have gotten to know many lovely locations and have had the privilege of accompanying both moving and arriving people. During this time I have developed a very good feeling for what suits whom best at that particular moment in time.[\/vc_column_text][\/vc_column][\/vc_row][vc_row dfd_bg_style=&#8221;image&#8221; dfd_bg_image_new=&#8221;436&#8243; css=&#8221;.vc_custom_1597910956554{padding-top: 200px !important;padding-bottom: 200px !important;}&#8221; dfd_bg_image_new_responsive=&#8221;766&#8243;][vc_column][\/vc_column][\/vc_row][vc_row css=&#8221;.vc_custom_1592393236448{padding-top: 90px !important;padding-bottom: 90px !important;}&#8221;][vc_column width=&#8221;1\/2&#8243; css=&#8221;.vc_custom_1592735269588{padding-bottom: 40px !important;}&#8221; col_shadow=&#8221;box_shadow_enable:disable|shadow_horizontal:0|shadow_vertical:15|shadow_blur:50|shadow_spread:0|box_shadow_color:rgba(0%2C0%2C0%2C0.35)&#8221; col_shadow_hover=&#8221;box_shadow_enable:disable|shadow_horizontal:0|shadow_vertical:15|shadow_blur:50|shadow_spread:0|box_shadow_color:rgba(0%2C0%2C0%2C0.35)&#8221;]<div class=\"dfd-heading-shortcode\"><div class=\"dfd-heading-module-wrap  text-left style_08 dfd-heading-69e4baf145ec8 dfd-disable-resposive-headings\" id=\"dfd-heading-69e4baf145ec8\" ><div class=\"inline-block\"><div class=\"dfd-heading-module\"><h2 class=\"widget-sub-title dfd-sub-title \" style=\"\">The technical<\/h2><div class=\"title-wrap\"><div class=\"dfd-heading-delimiter\"><\/div><h2 class=\"widget-title dfd-title \" style=\"\">My qualification<\/p>\n<p><\/h2><\/div><\/div><\/div><\/div><script type=\"text\/javascript\">\r\n\t\t\t\t\t\t\t\t\t(function($) {\r\n\t\t\t\t\t\t\t\t\t\t$(\"head\").append(\"<style>.dfd-heading-69e4baf145ec8.dfd-heading-module-wrap .dfd-heading-module .dfd-heading-delimiter {border-bottom-style:solid;border-bottom-width:2px;width:55px;border-bottom-color:#b33202;}.dfd-heading-69e4baf145ec8.dfd-heading-module-wrap .dfd-heading-module .dfd-heading-delimiter {margin-top:10px;margin-bottom:10px;}@media only screen and (max-width: 799px) {.dfd-heading-69e4baf145ec8 {text-align: left;}}<\/style>\");\r\n\t\t\t\t\t\t\t\t\t})(jQuery);\r\n\t\t\t\t\t\t\t\t<\/script><\/div>[\/vc_column][vc_column width=&#8221;1\/2&#8243;][vc_column_text css=&#8221;.vc_custom_1634730746066{padding-top: 0px !important;padding-bottom: 40px !important;}&#8221;]In addition to my empathy, you can of course also rely on my professional expertise.[\/vc_column_text][vc_column_text css=&#8221;.vc_custom_1663148134606{padding-top: 0px !important;padding-bottom: 0px !important;}&#8221;]<\/p>\n<h3>Professional qualification<\/h3>\n<ul>\n<li>Businesswoman of real estate and housing industry (IHK degree)<\/li>\n<li>Study of real estate economics at the European Business School in \u00d6strich-Winkel, graduated as a real estate economist (ebs)<\/li>\n<li>Part of the Munich real estate market (residential real estate) since 1993<\/li>\n<li>including 4 years with a real estate subsidiary of HypoVereinsbank, contact person for private clients (real estate) of HypoVereinsbank as well as 4 years with a Munich housing developer in project development and contact person for high net worth private clients of Deutsche Bank<\/li>\n<li>Owner of the company Quartiere Ulrike K\u00fcpper, sole proprietorship since 2000<\/li>\n<\/ul>\n<p>&nbsp;<\/p>\n<h3>Main focus<\/h3>\n<p>Selling and renting residential properties in Munich as well as the area around Munich is the main focus of my work.<\/p>\n<p>&nbsp;<\/p>\n<h3>Memberships<\/h3>\n<ul>\n<li>Member of the Alumni Network <a href=\"https:\/\/www.my-immoebs.de\/\" target=\"_blank\" rel=\"noopener\"><strong>IMMO<\/strong>EBS e.V.<\/a><\/li>\n<\/ul>\n<p>[\/vc_column_text][\/vc_column][\/vc_row]<\/p>\n<\/div>","protected":false},"excerpt":{"rendered":"<p>[vc_row][vc_column][\/vc_column][\/vc_row][vc_row css=&#8221;.vc_custom_1592393191131{padding-top: 90px !important;}&#8221;][vc_column width=&#8221;1\/2&#8243; css=&#8221;.vc_custom_1592735252840{padding-bottom: 40px !important;}&#8221; col_shadow=&#8221;box_shadow_enable:disable|shadow_horizontal:0|shadow_vertical:15|shadow_blur:50|shadow_spread:0|box_shadow_color:rgba(0%2C0%2C0%2C0.35)&#8221; col_shadow_hover=&#8221;box_shadow_enable:disable|shadow_horizontal:0|shadow_vertical:15|shadow_blur:50|shadow_spread:0|box_shadow_color:rgba(0%2C0%2C0%2C0.35)&#8221;][\/vc_column][vc_column width=&#8221;1\/2&#8243;][vc_column_text css=&#8221;.vc_custom_1634730572002{padding-top: 0px !important;padding-bottom: 0px !important;}&#8221;] The greatest moment of happiness in my profession is when my sellers are satisfied<\/p>\n","protected":false},"author":1,"featured_media":1471,"parent":0,"menu_order":0,"comment_status":"closed","ping_status":"closed","template":"page-custom.php","meta":{"footnotes":""},"class_list":["post-1596","page","type-page","status-publish","has-post-thumbnail","hentry"],"yoast_head":"<!-- This site is optimized with the Yoast SEO plugin v27.4 - https:\/\/yoast.com\/product\/yoast-seo-wordpress\/ -->\n<title>Quartiere Ulrike K\u00fcpper - real estate economics in Munich and Bavaria<\/title>\n<meta name=\"description\" content=\"I love real estate! I have a flair for choice locations and places.\" \/>\n<meta name=\"robots\" content=\"index, follow, max-snippet:-1, max-image-preview:large, max-video-preview:-1\" \/>\n<link rel=\"canonical\" href=\"https:\/\/quartiere-immobilien.de\/en\/who-and-why\/\" \/>\n<meta property=\"og:locale\" content=\"en_US\" \/>\n<meta property=\"og:type\" content=\"article\" \/>\n<meta property=\"og:title\" content=\"Quartiere Ulrike K\u00fcpper - real estate economics in Munich and Bavaria\" \/>\n<meta property=\"og:description\" content=\"I love real estate! I have a flair for choice locations and places.\" \/>\n<meta property=\"og:url\" content=\"https:\/\/quartiere-immobilien.de\/en\/who-and-why\/\" \/>\n<meta property=\"og:site_name\" content=\"Quartiere Ulrike K\u00fcpper | Immobilien\u00f6konomin in M\u00fcnchen und Umgebung\" \/>\n<meta property=\"article:modified_time\" content=\"2022-09-14T09:35:38+00:00\" \/>\n<meta property=\"og:image\" content=\"https:\/\/quartiere-immobilien.de\/wp-content\/uploads\/ulrike-kuepper-252_saskia-nathalie-betz_kundengespraech.jpg\" \/>\n\t<meta property=\"og:image:width\" content=\"1920\" \/>\n\t<meta property=\"og:image:height\" content=\"500\" \/>\n\t<meta property=\"og:image:type\" content=\"image\/jpeg\" \/>\n<meta name=\"twitter:card\" content=\"summary_large_image\" \/>\n<meta name=\"twitter:label1\" content=\"Est. reading time\" \/>\n\t<meta name=\"twitter:data1\" content=\"3 minutes\" \/>\n<script type=\"application\/ld+json\" class=\"yoast-schema-graph\">{\"@context\":\"https:\\\/\\\/schema.org\",\"@graph\":[{\"@type\":\"WebPage\",\"@id\":\"https:\\\/\\\/quartiere-immobilien.de\\\/en\\\/who-and-why\\\/\",\"url\":\"https:\\\/\\\/quartiere-immobilien.de\\\/en\\\/who-and-why\\\/\",\"name\":\"Quartiere Ulrike K\u00fcpper - real estate economics in Munich and Bavaria\",\"isPartOf\":{\"@id\":\"https:\\\/\\\/quartiere-immobilien.de\\\/#website\"},\"primaryImageOfPage\":{\"@id\":\"https:\\\/\\\/quartiere-immobilien.de\\\/en\\\/who-and-why\\\/#primaryimage\"},\"image\":{\"@id\":\"https:\\\/\\\/quartiere-immobilien.de\\\/en\\\/who-and-why\\\/#primaryimage\"},\"thumbnailUrl\":\"https:\\\/\\\/quartiere-immobilien.de\\\/wp-content\\\/uploads\\\/ulrike-kuepper-252_saskia-nathalie-betz_kundengespraech.jpg\",\"datePublished\":\"2021-10-20T11:47:33+00:00\",\"dateModified\":\"2022-09-14T09:35:38+00:00\",\"description\":\"I love real estate! I have a flair for choice locations and places.\",\"breadcrumb\":{\"@id\":\"https:\\\/\\\/quartiere-immobilien.de\\\/en\\\/who-and-why\\\/#breadcrumb\"},\"inLanguage\":\"en-US\",\"potentialAction\":[{\"@type\":\"ReadAction\",\"target\":[\"https:\\\/\\\/quartiere-immobilien.de\\\/en\\\/who-and-why\\\/\"]}]},{\"@type\":\"ImageObject\",\"inLanguage\":\"en-US\",\"@id\":\"https:\\\/\\\/quartiere-immobilien.de\\\/en\\\/who-and-why\\\/#primaryimage\",\"url\":\"https:\\\/\\\/quartiere-immobilien.de\\\/wp-content\\\/uploads\\\/ulrike-kuepper-252_saskia-nathalie-betz_kundengespraech.jpg\",\"contentUrl\":\"https:\\\/\\\/quartiere-immobilien.de\\\/wp-content\\\/uploads\\\/ulrike-kuepper-252_saskia-nathalie-betz_kundengespraech.jpg\",\"width\":1920,\"height\":500},{\"@type\":\"BreadcrumbList\",\"@id\":\"https:\\\/\\\/quartiere-immobilien.de\\\/en\\\/who-and-why\\\/#breadcrumb\",\"itemListElement\":[{\"@type\":\"ListItem\",\"position\":1,\"name\":\"Startseite\",\"item\":\"https:\\\/\\\/quartiere-immobilien.de\\\/en\\\/\"},{\"@type\":\"ListItem\",\"position\":2,\"name\":\"Who and why\"}]},{\"@type\":\"WebSite\",\"@id\":\"https:\\\/\\\/quartiere-immobilien.de\\\/#website\",\"url\":\"https:\\\/\\\/quartiere-immobilien.de\\\/\",\"name\":\"Quartiere Ulrike K\u00fcpper | Immobilien\u00f6konomin in M\u00fcnchen und Umgebung\",\"description\":\"Immobilienmaklerin f\u00fcr den Verkauf und die Vermietung von H\u00e4usern, Wohnungen und Grundst\u00fccken\",\"publisher\":{\"@id\":\"https:\\\/\\\/quartiere-immobilien.de\\\/#\\\/schema\\\/person\\\/c50210d0ae2919c13af2895489aa322c\"},\"potentialAction\":[{\"@type\":\"SearchAction\",\"target\":{\"@type\":\"EntryPoint\",\"urlTemplate\":\"https:\\\/\\\/quartiere-immobilien.de\\\/?s={search_term_string}\"},\"query-input\":{\"@type\":\"PropertyValueSpecification\",\"valueRequired\":true,\"valueName\":\"search_term_string\"}}],\"inLanguage\":\"en-US\"},{\"@type\":[\"Person\",\"Organization\"],\"@id\":\"https:\\\/\\\/quartiere-immobilien.de\\\/#\\\/schema\\\/person\\\/c50210d0ae2919c13af2895489aa322c\",\"name\":\"Ulrike Kuepper\",\"image\":{\"@type\":\"ImageObject\",\"inLanguage\":\"en-US\",\"@id\":\"https:\\\/\\\/quartiere-immobilien.de\\\/wp-content\\\/uploads\\\/ulrike-kuepper-74_saskianathaliebetz_mobile.jpg\",\"url\":\"https:\\\/\\\/quartiere-immobilien.de\\\/wp-content\\\/uploads\\\/ulrike-kuepper-74_saskianathaliebetz_mobile.jpg\",\"contentUrl\":\"https:\\\/\\\/quartiere-immobilien.de\\\/wp-content\\\/uploads\\\/ulrike-kuepper-74_saskianathaliebetz_mobile.jpg\",\"width\":501,\"height\":500,\"caption\":\"Ulrike Kuepper\"},\"logo\":{\"@id\":\"https:\\\/\\\/quartiere-immobilien.de\\\/wp-content\\\/uploads\\\/ulrike-kuepper-74_saskianathaliebetz_mobile.jpg\"},\"sameAs\":[\"https:\\\/\\\/quartiere-immobilien.de\\\/\"]}]}<\/script>\n<!-- \/ Yoast SEO plugin. -->","yoast_head_json":{"title":"Quartiere Ulrike K\u00fcpper - real estate economics in Munich and Bavaria","description":"I love real estate! I have a flair for choice locations and places.","robots":{"index":"index","follow":"follow","max-snippet":"max-snippet:-1","max-image-preview":"max-image-preview:large","max-video-preview":"max-video-preview:-1"},"canonical":"https:\/\/quartiere-immobilien.de\/en\/who-and-why\/","og_locale":"en_US","og_type":"article","og_title":"Quartiere Ulrike K\u00fcpper - real estate economics in Munich and Bavaria","og_description":"I love real estate! I have a flair for choice locations and places.","og_url":"https:\/\/quartiere-immobilien.de\/en\/who-and-why\/","og_site_name":"Quartiere Ulrike K\u00fcpper | Immobilien\u00f6konomin in M\u00fcnchen und Umgebung","article_modified_time":"2022-09-14T09:35:38+00:00","og_image":[{"width":1920,"height":500,"url":"https:\/\/quartiere-immobilien.de\/wp-content\/uploads\/ulrike-kuepper-252_saskia-nathalie-betz_kundengespraech.jpg","type":"image\/jpeg"}],"twitter_card":"summary_large_image","twitter_misc":{"Est. reading time":"3 minutes"},"schema":{"@context":"https:\/\/schema.org","@graph":[{"@type":"WebPage","@id":"https:\/\/quartiere-immobilien.de\/en\/who-and-why\/","url":"https:\/\/quartiere-immobilien.de\/en\/who-and-why\/","name":"Quartiere Ulrike K\u00fcpper - real estate economics in Munich and Bavaria","isPartOf":{"@id":"https:\/\/quartiere-immobilien.de\/#website"},"primaryImageOfPage":{"@id":"https:\/\/quartiere-immobilien.de\/en\/who-and-why\/#primaryimage"},"image":{"@id":"https:\/\/quartiere-immobilien.de\/en\/who-and-why\/#primaryimage"},"thumbnailUrl":"https:\/\/quartiere-immobilien.de\/wp-content\/uploads\/ulrike-kuepper-252_saskia-nathalie-betz_kundengespraech.jpg","datePublished":"2021-10-20T11:47:33+00:00","dateModified":"2022-09-14T09:35:38+00:00","description":"I love real estate! I have a flair for choice locations and places.","breadcrumb":{"@id":"https:\/\/quartiere-immobilien.de\/en\/who-and-why\/#breadcrumb"},"inLanguage":"en-US","potentialAction":[{"@type":"ReadAction","target":["https:\/\/quartiere-immobilien.de\/en\/who-and-why\/"]}]},{"@type":"ImageObject","inLanguage":"en-US","@id":"https:\/\/quartiere-immobilien.de\/en\/who-and-why\/#primaryimage","url":"https:\/\/quartiere-immobilien.de\/wp-content\/uploads\/ulrike-kuepper-252_saskia-nathalie-betz_kundengespraech.jpg","contentUrl":"https:\/\/quartiere-immobilien.de\/wp-content\/uploads\/ulrike-kuepper-252_saskia-nathalie-betz_kundengespraech.jpg","width":1920,"height":500},{"@type":"BreadcrumbList","@id":"https:\/\/quartiere-immobilien.de\/en\/who-and-why\/#breadcrumb","itemListElement":[{"@type":"ListItem","position":1,"name":"Startseite","item":"https:\/\/quartiere-immobilien.de\/en\/"},{"@type":"ListItem","position":2,"name":"Who and why"}]},{"@type":"WebSite","@id":"https:\/\/quartiere-immobilien.de\/#website","url":"https:\/\/quartiere-immobilien.de\/","name":"Quartiere Ulrike K\u00fcpper | Immobilien\u00f6konomin in M\u00fcnchen und Umgebung","description":"Immobilienmaklerin f\u00fcr den Verkauf und die Vermietung von H\u00e4usern, Wohnungen und Grundst\u00fccken","publisher":{"@id":"https:\/\/quartiere-immobilien.de\/#\/schema\/person\/c50210d0ae2919c13af2895489aa322c"},"potentialAction":[{"@type":"SearchAction","target":{"@type":"EntryPoint","urlTemplate":"https:\/\/quartiere-immobilien.de\/?s={search_term_string}"},"query-input":{"@type":"PropertyValueSpecification","valueRequired":true,"valueName":"search_term_string"}}],"inLanguage":"en-US"},{"@type":["Person","Organization"],"@id":"https:\/\/quartiere-immobilien.de\/#\/schema\/person\/c50210d0ae2919c13af2895489aa322c","name":"Ulrike Kuepper","image":{"@type":"ImageObject","inLanguage":"en-US","@id":"https:\/\/quartiere-immobilien.de\/wp-content\/uploads\/ulrike-kuepper-74_saskianathaliebetz_mobile.jpg","url":"https:\/\/quartiere-immobilien.de\/wp-content\/uploads\/ulrike-kuepper-74_saskianathaliebetz_mobile.jpg","contentUrl":"https:\/\/quartiere-immobilien.de\/wp-content\/uploads\/ulrike-kuepper-74_saskianathaliebetz_mobile.jpg","width":501,"height":500,"caption":"Ulrike Kuepper"},"logo":{"@id":"https:\/\/quartiere-immobilien.de\/wp-content\/uploads\/ulrike-kuepper-74_saskianathaliebetz_mobile.jpg"},"sameAs":["https:\/\/quartiere-immobilien.de\/"]}]}},"_links":{"self":[{"href":"https:\/\/quartiere-immobilien.de\/en\/wp-json\/wp\/v2\/pages\/1596","targetHints":{"allow":["GET"]}}],"collection":[{"href":"https:\/\/quartiere-immobilien.de\/en\/wp-json\/wp\/v2\/pages"}],"about":[{"href":"https:\/\/quartiere-immobilien.de\/en\/wp-json\/wp\/v2\/types\/page"}],"author":[{"embeddable":true,"href":"https:\/\/quartiere-immobilien.de\/en\/wp-json\/wp\/v2\/users\/1"}],"replies":[{"embeddable":true,"href":"https:\/\/quartiere-immobilien.de\/en\/wp-json\/wp\/v2\/comments?post=1596"}],"version-history":[{"count":0,"href":"https:\/\/quartiere-immobilien.de\/en\/wp-json\/wp\/v2\/pages\/1596\/revisions"}],"wp:featuredmedia":[{"embeddable":true,"href":"https:\/\/quartiere-immobilien.de\/en\/wp-json\/wp\/v2\/media\/1471"}],"wp:attachment":[{"href":"https:\/\/quartiere-immobilien.de\/en\/wp-json\/wp\/v2\/media?parent=1596"}],"curies":[{"name":"wp","href":"https:\/\/api.w.org\/{rel}","templated":true}]}}