{"id":1590,"date":"2021-10-20T11:23:35","date_gmt":"2021-10-20T09:23:35","guid":{"rendered":"https:\/\/quartiere-immobilien.de\/how-it-works\/"},"modified":"2021-10-20T14:29:47","modified_gmt":"2021-10-20T12:29:47","slug":"how-it-works","status":"publish","type":"page","link":"https:\/\/quartiere-immobilien.de\/en\/how-it-works\/","title":{"rendered":"How it works"},"content":{"rendered":"<div class=\"wpb-content-wrapper\"><p>[vc_row][vc_column]\n\t\t\t<!-- START headerartundweiseen REVOLUTION SLIDER 6.7.35 --><p class=\"rs-p-wp-fix\"><\/p>\n\t\t\t<rs-module-wrap id=\"rev_slider_13_1_wrapper\" data-source=\"gallery\" style=\"visibility:hidden;background:transparent;padding:0;margin:0px auto;margin-top:0;margin-bottom:0;background-image:url(https:\/\/quartiere-immobilien.de\/wp-content\/uploads\/ulrike-kuepper-1005_saskia-nathalie-betz_header.jpg);background-repeat:no-repeat;background-size:cover;background-position:center top;\">\n\t\t\t\t<rs-module id=\"rev_slider_13_1\" style=\"\" data-version=\"6.7.35\">\n\t\t\t\t\t<rs-slides style=\"overflow: hidden; position: absolute;\">\n\t\t\t\t\t\t<rs-slide style=\"position: absolute;\" data-key=\"rs-13\" data-title=\"Slide\" data-anim=\"adpr:false;\" data-in=\"o:0;\" data-out=\"a:false;\">\n\t\t\t\t\t\t\t<img decoding=\"async\" src=\"\/\/quartiere-immobilien.de\/wp-content\/plugins\/revslider\/sr6\/assets\/assets\/dummy.png\" alt=\"Slide\" title=\"How it works\" class=\"rev-slidebg tp-rs-img rs-lazyload\" data-lazyload=\"\/\/quartiere-immobilien.de\/wp-content\/plugins\/revslider\/sr6\/assets\/assets\/transparent.png\" data-no-retina>\n<!--\n\t\t\t\t\t\t\t--><rs-layer\n\t\t\t\t\t\t\t\tid=\"slider-13-slide-13-layer-0\" \n\t\t\t\t\t\t\t\tclass=\"slidercustomfont\"\n\t\t\t\t\t\t\t\tdata-type=\"text\"\n\t\t\t\t\t\t\t\tdata-color=\"#b33202\"\n\t\t\t\t\t\t\t\tdata-rsp_ch=\"on\"\n\t\t\t\t\t\t\t\tdata-xy=\"x:800px;y:190px;\"\n\t\t\t\t\t\t\t\tdata-text=\"w:normal;s:60;l:60;ls:2;\"\n\t\t\t\t\t\t\t\tdata-dim=\"minh:0;\"\n\t\t\t\t\t\t\t\tdata-frame_999=\"o:0;st:w;\"\n\t\t\t\t\t\t\t\tstyle=\"z-index:9;font-family:'Istok Web';\"\n\t\t\t\t\t\t\t>How it works \n\t\t\t\t\t\t\t<\/rs-layer><!--\n\n\t\t\t\t\t\t\t--><rs-layer\n\t\t\t\t\t\t\t\tid=\"slider-13-slide-13-layer-2\" \n\t\t\t\t\t\t\t\tclass=\"slidercustomfont\"\n\t\t\t\t\t\t\t\tdata-type=\"text\"\n\t\t\t\t\t\t\t\tdata-color=\"#473332\"\n\t\t\t\t\t\t\t\tdata-rsp_ch=\"on\"\n\t\t\t\t\t\t\t\tdata-xy=\"x:800px;y:250px;\"\n\t\t\t\t\t\t\t\tdata-text=\"w:normal;s:60;l:60;\"\n\t\t\t\t\t\t\t\tdata-dim=\"w:550px;\"\n\t\t\t\t\t\t\t\tdata-frame_999=\"o:0;st:w;\"\n\t\t\t\t\t\t\t\tstyle=\"z-index:8;font-family:'Istok Web';\"\n\t\t\t\t\t\t\t>Sales process \n\t\t\t\t\t\t\t<\/rs-layer><!--\n-->\t\t\t\t\t<\/rs-slide>\n\t\t\t\t\t<\/rs-slides>\n\t\t\t\t<\/rs-module>\n\t\t\t\t<script>\n\t\t\t\t\tsetREVStartSize({c: 'rev_slider_13_1',rl:[1240,1024,778,480],el:[450],gw:[1240],gh:[450],type:'hero',justify:'',layout:'fullwidth',mh:\"0\"});if (window.RS_MODULES!==undefined && window.RS_MODULES.modules!==undefined && window.RS_MODULES.modules[\"revslider131\"]!==undefined) {window.RS_MODULES.modules[\"revslider131\"].once = false;window.revapi13 = undefined;if (window.RS_MODULES.checkMinimal!==undefined) window.RS_MODULES.checkMinimal()}\n\t\t\t\t<\/script>\n\t\t\t<\/rs-module-wrap>\n\t\t\t<!-- END REVOLUTION SLIDER -->\n[\/vc_column][\/vc_row][vc_row css=&#8221;.vc_custom_1595930609850{border-bottom-width: 0px !important;padding-top: 90px !important;}&#8221;][vc_column width=&#8221;1\/2&#8243; css=&#8221;.vc_custom_1592735208765{padding-bottom: 40px !important;}&#8221; col_shadow=&#8221;box_shadow_enable:disable|shadow_horizontal:0|shadow_vertical:15|shadow_blur:50|shadow_spread:0|box_shadow_color:rgba(0%2C0%2C0%2C0.35)&#8221; col_shadow_hover=&#8221;box_shadow_enable:disable|shadow_horizontal:0|shadow_vertical:15|shadow_blur:50|shadow_spread:0|box_shadow_color:rgba(0%2C0%2C0%2C0.35)&#8221;]<div class=\"dfd-heading-shortcode\"><div class=\"dfd-heading-module-wrap  text-left style_08 dfd-heading-69e961f8eeb71 dfd-disable-resposive-headings\" id=\"dfd-heading-69e961f8eeb71\" ><div class=\"inline-block\"><div class=\"dfd-heading-module\"><h2 class=\"widget-sub-title dfd-sub-title \" style=\"\">Cooperation<\/h2><div class=\"title-wrap\"><div class=\"dfd-heading-delimiter\"><\/div><h2 class=\"widget-title dfd-title \" style=\"\">Sales process<\/p>\n<p><\/h2><\/div><\/div><\/div><\/div><script type=\"text\/javascript\">\r\n\t\t\t\t\t\t\t\t\t(function($) {\r\n\t\t\t\t\t\t\t\t\t\t$(\"head\").append(\"<style>.dfd-heading-69e961f8eeb71.dfd-heading-module-wrap .dfd-heading-module .dfd-heading-delimiter {border-bottom-style:solid;border-bottom-width:2px;width:55px;border-bottom-color:#b33202;}.dfd-heading-69e961f8eeb71.dfd-heading-module-wrap .dfd-heading-module .dfd-heading-delimiter {margin-top:10px;margin-bottom:10px;}@media only screen and (max-width: 799px) {.dfd-heading-69e961f8eeb71 {text-align: left;}}<\/style>\");\r\n\t\t\t\t\t\t\t\t\t})(jQuery);\r\n\t\t\t\t\t\t\t\t<\/script><\/div>[\/vc_column][vc_column width=&#8221;1\/2&#8243; css=&#8221;.vc_custom_1591966248416{padding-bottom: 70px !important;}&#8221; col_shadow=&#8221;box_shadow_enable:disable|shadow_horizontal:0|shadow_vertical:15|shadow_blur:50|shadow_spread:0|box_shadow_color:rgba(0%2C0%2C0%2C0.35)&#8221; col_shadow_hover=&#8221;box_shadow_enable:disable|shadow_horizontal:0|shadow_vertical:15|shadow_blur:50|shadow_spread:0|box_shadow_color:rgba(0%2C0%2C0%2C0.35)&#8221;][vc_column_text]<\/p>\n<blockquote><p>I encourage people to put a piece of their own life history into the unknown hands of others, so that a new chapter in life can follow.<\/p><\/blockquote>\n<p>[\/vc_column_text][\/vc_column][\/vc_row][vc_row dfd_bg_style=&#8221;image&#8221; dfd_bg_image_new=&#8221;166&#8243; css=&#8221;.vc_custom_1597910832875{padding-top: 200px !important;padding-bottom: 200px !important;}&#8221; dfd_bg_image_new_responsive=&#8221;767&#8243;][vc_column][\/vc_column][\/vc_row][vc_row css=&#8221;.vc_custom_1595930619400{border-bottom-width: 0px !important;padding-top: 90px !important;}&#8221;][vc_column width=&#8221;2\/3&#8243; css=&#8221;.vc_custom_1595860407238{padding-bottom: 0px !important;}&#8221; col_shadow=&#8221;box_shadow_enable:disable|shadow_horizontal:0|shadow_vertical:15|shadow_blur:50|shadow_spread:0|box_shadow_color:rgba(0%2C0%2C0%2C0.35)&#8221; col_shadow_hover=&#8221;box_shadow_enable:disable|shadow_horizontal:0|shadow_vertical:15|shadow_blur:50|shadow_spread:0|box_shadow_color:rgba(0%2C0%2C0%2C0.35)&#8221;][vc_column_text]<\/p>\n<h3>Step 1: Getting to know one another<\/h3>\n<p>Recommen\u00adda\u00adtions have suppor\u00adted me all throughout my profes\u00adsional career. Perhaps you have also heard about me from an acquaintance or colleague for whom I have worked. Now you want to know if what you have been told is true. That&#8217;s why we begin with getting to know one another, exchange ideas and decide if we get along.[\/vc_column_text]<div class=\"dfd-spacer-module\"  data-units=\"px\" data-wide_resolution=\"1280\" data-wide_size=\"70\" data-normal_resolution=\"1024\" data-normal_size=\"70\" data-tablet_resolution=\"800\" data-tablet_size=\"0\" data-mobile_resolution=\"480\" data-mobile_size=\"0\" style=\"height: 70px;\"><\/div>[\/vc_column][vc_column width=&#8221;1\/3&#8243; css=&#8221;.vc_custom_1591966248416{padding-bottom: 70px !important;}&#8221; col_shadow=&#8221;box_shadow_enable:disable|shadow_horizontal:0|shadow_vertical:15|shadow_blur:50|shadow_spread:0|box_shadow_color:rgba(0%2C0%2C0%2C0.35)&#8221; col_shadow_hover=&#8221;box_shadow_enable:disable|shadow_horizontal:0|shadow_vertical:15|shadow_blur:50|shadow_spread:0|box_shadow_color:rgba(0%2C0%2C0%2C0.35)&#8221;][\/vc_column][\/vc_row][vc_row css=&#8221;.vc_custom_1595931357304{border-bottom-width: 0px !important;}&#8221;][vc_column width=&#8221;2\/3&#8243; css=&#8221;.vc_custom_1595860399624{padding-bottom: 0px !important;}&#8221; col_shadow=&#8221;box_shadow_enable:disable|shadow_horizontal:0|shadow_vertical:15|shadow_blur:50|shadow_spread:0|box_shadow_color:rgba(0%2C0%2C0%2C0.35)&#8221; col_shadow_hover=&#8221;box_shadow_enable:disable|shadow_horizontal:0|shadow_vertical:15|shadow_blur:50|shadow_spread:0|box_shadow_color:rgba(0%2C0%2C0%2C0.35)&#8221;][vc_column_text]<\/p>\n<h3>Step 2: Price estimate<\/h3>\n<p>With your stories about the property and its residents, you help me to get a full overview. I listen carefully: What does the property bring along? Are there any hidden resources? What is possible? Are there any limitations? It becomes obvious who exactly needs what you are offering. These are your potential buyers.<\/p>\n<p>Taking this knowledge into account as well as the current market situation, I evaluate the property and provide a price estimate.[\/vc_column_text]<div class=\"dfd-spacer-module\"  data-units=\"px\" data-wide_resolution=\"1280\" data-wide_size=\"70\" data-normal_resolution=\"1024\" data-normal_size=\"70\" data-tablet_resolution=\"800\" data-tablet_size=\"0\" data-mobile_resolution=\"480\" data-mobile_size=\"0\" style=\"height: 70px;\"><\/div>[\/vc_column][vc_column width=&#8221;1\/3&#8243; css=&#8221;.vc_custom_1591966248416{padding-bottom: 70px !important;}&#8221; col_shadow=&#8221;box_shadow_enable:disable|shadow_horizontal:0|shadow_vertical:15|shadow_blur:50|shadow_spread:0|box_shadow_color:rgba(0%2C0%2C0%2C0.35)&#8221; col_shadow_hover=&#8221;box_shadow_enable:disable|shadow_horizontal:0|shadow_vertical:15|shadow_blur:50|shadow_spread:0|box_shadow_color:rgba(0%2C0%2C0%2C0.35)&#8221;][\/vc_column][\/vc_row][vc_row css=&#8221;.vc_custom_1595931367000{border-bottom-width: 0px !important;padding-top: 0px !important;}&#8221;][vc_column width=&#8221;2\/3&#8243; css=&#8221;.vc_custom_1595860399624{padding-bottom: 0px !important;}&#8221; col_shadow=&#8221;box_shadow_enable:disable|shadow_horizontal:0|shadow_vertical:15|shadow_blur:50|shadow_spread:0|box_shadow_color:rgba(0%2C0%2C0%2C0.35)&#8221; col_shadow_hover=&#8221;box_shadow_enable:disable|shadow_horizontal:0|shadow_vertical:15|shadow_blur:50|shadow_spread:0|box_shadow_color:rgba(0%2C0%2C0%2C0.35)&#8221;][vc_column_text]<\/p>\n<h3>Step 3: Expos\u00e9<\/h3>\n<p>This essence is found in the expos\u00e9 &#8211; a comprehensive expos\u00e9 with great photos that meets the ideas of your target group.<\/p>\n<p>With all the highlights, but also with the downsides. This full transparency is very important so that your buyer makes a safe decision. It saves you a lot of time and helps in price negotiations.[\/vc_column_text]<div class=\"dfd-spacer-module\"  data-units=\"px\" data-wide_resolution=\"1280\" data-wide_size=\"70\" data-normal_resolution=\"1024\" data-normal_size=\"70\" data-tablet_resolution=\"800\" data-tablet_size=\"0\" data-mobile_resolution=\"480\" data-mobile_size=\"0\" style=\"height: 70px;\"><\/div>[\/vc_column][vc_column width=&#8221;1\/3&#8243; css=&#8221;.vc_custom_1591966248416{padding-bottom: 70px !important;}&#8221; col_shadow=&#8221;box_shadow_enable:disable|shadow_horizontal:0|shadow_vertical:15|shadow_blur:50|shadow_spread:0|box_shadow_color:rgba(0%2C0%2C0%2C0.35)&#8221; col_shadow_hover=&#8221;box_shadow_enable:disable|shadow_horizontal:0|shadow_vertical:15|shadow_blur:50|shadow_spread:0|box_shadow_color:rgba(0%2C0%2C0%2C0.35)&#8221;][\/vc_column][\/vc_row][vc_row css=&#8221;.vc_custom_1595931376610{border-bottom-width: 0px !important;padding-top: 0px !important;}&#8221;][vc_column width=&#8221;2\/3&#8243; css=&#8221;.vc_custom_1595860383220{padding-bottom: 0px !important;}&#8221; col_shadow=&#8221;box_shadow_enable:disable|shadow_horizontal:0|shadow_vertical:15|shadow_blur:50|shadow_spread:0|box_shadow_color:rgba(0%2C0%2C0%2C0.35)&#8221; col_shadow_hover=&#8221;box_shadow_enable:disable|shadow_horizontal:0|shadow_vertical:15|shadow_blur:50|shadow_spread:0|box_shadow_color:rgba(0%2C0%2C0%2C0.35)&#8221;][vc_column_text]<\/p>\n<h3>Step 4: Support<\/h3>\n<p>If you wish, I will fully take care of further services around your property. That way you can rely on me to independently organize craftsmen when the &#8220;bride needs to be made pretty&#8221;. I coordinate the schedule, discuss the market entry. In regular intervals I will inform you about the state of affairs.<\/p>\n<p>I personally take care of your property. I am and remain your contact person throughout the entire process.[\/vc_column_text]<div class=\"dfd-spacer-module\"  data-units=\"px\" data-wide_resolution=\"1280\" data-wide_size=\"70\" data-normal_resolution=\"1024\" data-normal_size=\"70\" data-tablet_resolution=\"800\" data-tablet_size=\"0\" data-mobile_resolution=\"480\" data-mobile_size=\"0\" style=\"height: 70px;\"><\/div>[\/vc_column][vc_column width=&#8221;1\/3&#8243; css=&#8221;.vc_custom_1591966248416{padding-bottom: 70px !important;}&#8221; col_shadow=&#8221;box_shadow_enable:disable|shadow_horizontal:0|shadow_vertical:15|shadow_blur:50|shadow_spread:0|box_shadow_color:rgba(0%2C0%2C0%2C0.35)&#8221; col_shadow_hover=&#8221;box_shadow_enable:disable|shadow_horizontal:0|shadow_vertical:15|shadow_blur:50|shadow_spread:0|box_shadow_color:rgba(0%2C0%2C0%2C0.35)&#8221;][\/vc_column][\/vc_row][vc_row css=&#8221;.vc_custom_1595931385742{border-bottom-width: 90px !important;padding-top: 0px !important;}&#8221;][vc_column width=&#8221;2\/3&#8243; col_shadow=&#8221;box_shadow_enable:disable|shadow_horizontal:0|shadow_vertical:15|shadow_blur:50|shadow_spread:0|box_shadow_color:rgba(0%2C0%2C0%2C0.35)&#8221; col_shadow_hover=&#8221;box_shadow_enable:disable|shadow_horizontal:0|shadow_vertical:15|shadow_blur:50|shadow_spread:0|box_shadow_color:rgba(0%2C0%2C0%2C0.35)&#8221;][vc_column_text css=&#8221;.vc_custom_1634722232391{padding-bottom: 90px !important;}&#8221;]<\/p>\n<h3>Step 5: Sales conclusion<\/h3>\n<p>An agreement can be reached very quickly or may require several partial steps. The price might not always be the main issue. You can adjust a wide range of settings during the coordination process and thus put together a suitable overall package. When it is done, the final steps should follow in a timely fashion without any complications. I provide the chosen notary with all the necessary documents, review the drafted sales contract and discuss it with you. Attending the notary, it is important to me that all parties are fully informed and without further questions.<\/p>\n<p><span style=\"color: #b33202;\"><strong>\u2026and now?<\/strong><\/span><\/p>\n<p>Both the seller and the buyer realize the significance of what they have just done only later, when the peace has settled and the excitement has subsided &#8211; what a profound moment of happiness![\/vc_column_text][\/vc_column][vc_column width=&#8221;1\/3&#8243; css=&#8221;.vc_custom_1595860925726{padding-bottom: 00px !important;}&#8221; col_shadow=&#8221;box_shadow_enable:disable|shadow_horizontal:0|shadow_vertical:15|shadow_blur:50|shadow_spread:0|box_shadow_color:rgba(0%2C0%2C0%2C0.35)&#8221; col_shadow_hover=&#8221;box_shadow_enable:disable|shadow_horizontal:0|shadow_vertical:15|shadow_blur:50|shadow_spread:0|box_shadow_color:rgba(0%2C0%2C0%2C0.35)&#8221;][\/vc_column][\/vc_row]<\/p>\n<\/div>","protected":false},"excerpt":{"rendered":"<p>[vc_row][vc_column][\/vc_column][\/vc_row][vc_row css=&#8221;.vc_custom_1595930609850{border-bottom-width: 0px !important;padding-top: 90px !important;}&#8221;][vc_column width=&#8221;1\/2&#8243; css=&#8221;.vc_custom_1592735208765{padding-bottom: 40px !important;}&#8221; col_shadow=&#8221;box_shadow_enable:disable|shadow_horizontal:0|shadow_vertical:15|shadow_blur:50|shadow_spread:0|box_shadow_color:rgba(0%2C0%2C0%2C0.35)&#8221; col_shadow_hover=&#8221;box_shadow_enable:disable|shadow_horizontal:0|shadow_vertical:15|shadow_blur:50|shadow_spread:0|box_shadow_color:rgba(0%2C0%2C0%2C0.35)&#8221;][\/vc_column][vc_column width=&#8221;1\/2&#8243; css=&#8221;.vc_custom_1591966248416{padding-bottom: 70px !important;}&#8221; col_shadow=&#8221;box_shadow_enable:disable|shadow_horizontal:0|shadow_vertical:15|shadow_blur:50|shadow_spread:0|box_shadow_color:rgba(0%2C0%2C0%2C0.35)&#8221; col_shadow_hover=&#8221;box_shadow_enable:disable|shadow_horizontal:0|shadow_vertical:15|shadow_blur:50|shadow_spread:0|box_shadow_color:rgba(0%2C0%2C0%2C0.35)&#8221;][vc_column_text] I encourage people to put a piece of their own life history<\/p>\n","protected":false},"author":1,"featured_media":1480,"parent":0,"menu_order":0,"comment_status":"closed","ping_status":"closed","template":"page-custom.php","meta":{"footnotes":""},"class_list":["post-1590","page","type-page","status-publish","has-post-thumbnail","hentry"],"yoast_head":"<!-- This site is optimized with the Yoast SEO plugin v27.4 - https:\/\/yoast.com\/product\/yoast-seo-wordpress\/ -->\n<title>Quartiere Ulrike K\u00fcpper, real estate economics - How it works<\/title>\n<meta name=\"description\" content=\"I sell your property with heart and mind, sensitivity and dedication.\" \/>\n<meta name=\"robots\" content=\"index, follow, max-snippet:-1, max-image-preview:large, max-video-preview:-1\" \/>\n<link rel=\"canonical\" href=\"https:\/\/quartiere-immobilien.de\/en\/how-it-works\/\" \/>\n<meta property=\"og:locale\" content=\"en_US\" \/>\n<meta property=\"og:type\" content=\"article\" \/>\n<meta property=\"og:title\" content=\"Quartiere Ulrike K\u00fcpper, real estate economics - How it works\" \/>\n<meta property=\"og:description\" content=\"I sell your property with heart and mind, sensitivity and dedication.\" \/>\n<meta property=\"og:url\" content=\"https:\/\/quartiere-immobilien.de\/en\/how-it-works\/\" \/>\n<meta property=\"og:site_name\" content=\"Quartiere Ulrike K\u00fcpper | Immobilien\u00f6konomin in M\u00fcnchen und Umgebung\" \/>\n<meta property=\"article:modified_time\" content=\"2021-10-20T12:29:47+00:00\" \/>\n<meta property=\"og:image\" content=\"https:\/\/quartiere-immobilien.de\/wp-content\/uploads\/ulrike-kuepper-1005_saskia-nathalie-betz_header.jpg\" \/>\n\t<meta property=\"og:image:width\" content=\"1920\" \/>\n\t<meta property=\"og:image:height\" content=\"500\" \/>\n\t<meta property=\"og:image:type\" content=\"image\/jpeg\" \/>\n<meta name=\"twitter:card\" content=\"summary_large_image\" \/>\n<meta name=\"twitter:label1\" content=\"Est. reading time\" \/>\n\t<meta name=\"twitter:data1\" content=\"3 minutes\" \/>\n<script type=\"application\/ld+json\" class=\"yoast-schema-graph\">{\"@context\":\"https:\\\/\\\/schema.org\",\"@graph\":[{\"@type\":\"WebPage\",\"@id\":\"https:\\\/\\\/quartiere-immobilien.de\\\/en\\\/how-it-works\\\/\",\"url\":\"https:\\\/\\\/quartiere-immobilien.de\\\/en\\\/how-it-works\\\/\",\"name\":\"Quartiere Ulrike K\u00fcpper, real estate economics - How it works\",\"isPartOf\":{\"@id\":\"https:\\\/\\\/quartiere-immobilien.de\\\/#website\"},\"primaryImageOfPage\":{\"@id\":\"https:\\\/\\\/quartiere-immobilien.de\\\/en\\\/how-it-works\\\/#primaryimage\"},\"image\":{\"@id\":\"https:\\\/\\\/quartiere-immobilien.de\\\/en\\\/how-it-works\\\/#primaryimage\"},\"thumbnailUrl\":\"https:\\\/\\\/quartiere-immobilien.de\\\/wp-content\\\/uploads\\\/ulrike-kuepper-1005_saskia-nathalie-betz_header.jpg\",\"datePublished\":\"2021-10-20T09:23:35+00:00\",\"dateModified\":\"2021-10-20T12:29:47+00:00\",\"description\":\"I sell your property with heart and mind, sensitivity and dedication.\",\"breadcrumb\":{\"@id\":\"https:\\\/\\\/quartiere-immobilien.de\\\/en\\\/how-it-works\\\/#breadcrumb\"},\"inLanguage\":\"en-US\",\"potentialAction\":[{\"@type\":\"ReadAction\",\"target\":[\"https:\\\/\\\/quartiere-immobilien.de\\\/en\\\/how-it-works\\\/\"]}]},{\"@type\":\"ImageObject\",\"inLanguage\":\"en-US\",\"@id\":\"https:\\\/\\\/quartiere-immobilien.de\\\/en\\\/how-it-works\\\/#primaryimage\",\"url\":\"https:\\\/\\\/quartiere-immobilien.de\\\/wp-content\\\/uploads\\\/ulrike-kuepper-1005_saskia-nathalie-betz_header.jpg\",\"contentUrl\":\"https:\\\/\\\/quartiere-immobilien.de\\\/wp-content\\\/uploads\\\/ulrike-kuepper-1005_saskia-nathalie-betz_header.jpg\",\"width\":1920,\"height\":500},{\"@type\":\"BreadcrumbList\",\"@id\":\"https:\\\/\\\/quartiere-immobilien.de\\\/en\\\/how-it-works\\\/#breadcrumb\",\"itemListElement\":[{\"@type\":\"ListItem\",\"position\":1,\"name\":\"Startseite\",\"item\":\"https:\\\/\\\/quartiere-immobilien.de\\\/en\\\/\"},{\"@type\":\"ListItem\",\"position\":2,\"name\":\"How it works\"}]},{\"@type\":\"WebSite\",\"@id\":\"https:\\\/\\\/quartiere-immobilien.de\\\/#website\",\"url\":\"https:\\\/\\\/quartiere-immobilien.de\\\/\",\"name\":\"Quartiere Ulrike K\u00fcpper | Immobilien\u00f6konomin in M\u00fcnchen und Umgebung\",\"description\":\"Immobilienmaklerin f\u00fcr den Verkauf und die Vermietung von H\u00e4usern, Wohnungen und Grundst\u00fccken\",\"publisher\":{\"@id\":\"https:\\\/\\\/quartiere-immobilien.de\\\/#\\\/schema\\\/person\\\/c50210d0ae2919c13af2895489aa322c\"},\"potentialAction\":[{\"@type\":\"SearchAction\",\"target\":{\"@type\":\"EntryPoint\",\"urlTemplate\":\"https:\\\/\\\/quartiere-immobilien.de\\\/?s={search_term_string}\"},\"query-input\":{\"@type\":\"PropertyValueSpecification\",\"valueRequired\":true,\"valueName\":\"search_term_string\"}}],\"inLanguage\":\"en-US\"},{\"@type\":[\"Person\",\"Organization\"],\"@id\":\"https:\\\/\\\/quartiere-immobilien.de\\\/#\\\/schema\\\/person\\\/c50210d0ae2919c13af2895489aa322c\",\"name\":\"Ulrike Kuepper\",\"image\":{\"@type\":\"ImageObject\",\"inLanguage\":\"en-US\",\"@id\":\"https:\\\/\\\/quartiere-immobilien.de\\\/wp-content\\\/uploads\\\/ulrike-kuepper-74_saskianathaliebetz_mobile.jpg\",\"url\":\"https:\\\/\\\/quartiere-immobilien.de\\\/wp-content\\\/uploads\\\/ulrike-kuepper-74_saskianathaliebetz_mobile.jpg\",\"contentUrl\":\"https:\\\/\\\/quartiere-immobilien.de\\\/wp-content\\\/uploads\\\/ulrike-kuepper-74_saskianathaliebetz_mobile.jpg\",\"width\":501,\"height\":500,\"caption\":\"Ulrike Kuepper\"},\"logo\":{\"@id\":\"https:\\\/\\\/quartiere-immobilien.de\\\/wp-content\\\/uploads\\\/ulrike-kuepper-74_saskianathaliebetz_mobile.jpg\"},\"sameAs\":[\"https:\\\/\\\/quartiere-immobilien.de\\\/\"]}]}<\/script>\n<!-- \/ Yoast SEO plugin. -->","yoast_head_json":{"title":"Quartiere Ulrike K\u00fcpper, real estate economics - How it works","description":"I sell your property with heart and mind, sensitivity and dedication.","robots":{"index":"index","follow":"follow","max-snippet":"max-snippet:-1","max-image-preview":"max-image-preview:large","max-video-preview":"max-video-preview:-1"},"canonical":"https:\/\/quartiere-immobilien.de\/en\/how-it-works\/","og_locale":"en_US","og_type":"article","og_title":"Quartiere Ulrike K\u00fcpper, real estate economics - How it works","og_description":"I sell your property with heart and mind, sensitivity and dedication.","og_url":"https:\/\/quartiere-immobilien.de\/en\/how-it-works\/","og_site_name":"Quartiere Ulrike K\u00fcpper | Immobilien\u00f6konomin in M\u00fcnchen und Umgebung","article_modified_time":"2021-10-20T12:29:47+00:00","og_image":[{"width":1920,"height":500,"url":"https:\/\/quartiere-immobilien.de\/wp-content\/uploads\/ulrike-kuepper-1005_saskia-nathalie-betz_header.jpg","type":"image\/jpeg"}],"twitter_card":"summary_large_image","twitter_misc":{"Est. reading time":"3 minutes"},"schema":{"@context":"https:\/\/schema.org","@graph":[{"@type":"WebPage","@id":"https:\/\/quartiere-immobilien.de\/en\/how-it-works\/","url":"https:\/\/quartiere-immobilien.de\/en\/how-it-works\/","name":"Quartiere Ulrike K\u00fcpper, real estate economics - How it works","isPartOf":{"@id":"https:\/\/quartiere-immobilien.de\/#website"},"primaryImageOfPage":{"@id":"https:\/\/quartiere-immobilien.de\/en\/how-it-works\/#primaryimage"},"image":{"@id":"https:\/\/quartiere-immobilien.de\/en\/how-it-works\/#primaryimage"},"thumbnailUrl":"https:\/\/quartiere-immobilien.de\/wp-content\/uploads\/ulrike-kuepper-1005_saskia-nathalie-betz_header.jpg","datePublished":"2021-10-20T09:23:35+00:00","dateModified":"2021-10-20T12:29:47+00:00","description":"I sell your property with heart and mind, sensitivity and dedication.","breadcrumb":{"@id":"https:\/\/quartiere-immobilien.de\/en\/how-it-works\/#breadcrumb"},"inLanguage":"en-US","potentialAction":[{"@type":"ReadAction","target":["https:\/\/quartiere-immobilien.de\/en\/how-it-works\/"]}]},{"@type":"ImageObject","inLanguage":"en-US","@id":"https:\/\/quartiere-immobilien.de\/en\/how-it-works\/#primaryimage","url":"https:\/\/quartiere-immobilien.de\/wp-content\/uploads\/ulrike-kuepper-1005_saskia-nathalie-betz_header.jpg","contentUrl":"https:\/\/quartiere-immobilien.de\/wp-content\/uploads\/ulrike-kuepper-1005_saskia-nathalie-betz_header.jpg","width":1920,"height":500},{"@type":"BreadcrumbList","@id":"https:\/\/quartiere-immobilien.de\/en\/how-it-works\/#breadcrumb","itemListElement":[{"@type":"ListItem","position":1,"name":"Startseite","item":"https:\/\/quartiere-immobilien.de\/en\/"},{"@type":"ListItem","position":2,"name":"How it works"}]},{"@type":"WebSite","@id":"https:\/\/quartiere-immobilien.de\/#website","url":"https:\/\/quartiere-immobilien.de\/","name":"Quartiere Ulrike K\u00fcpper | Immobilien\u00f6konomin in M\u00fcnchen und Umgebung","description":"Immobilienmaklerin f\u00fcr den Verkauf und die Vermietung von H\u00e4usern, Wohnungen und Grundst\u00fccken","publisher":{"@id":"https:\/\/quartiere-immobilien.de\/#\/schema\/person\/c50210d0ae2919c13af2895489aa322c"},"potentialAction":[{"@type":"SearchAction","target":{"@type":"EntryPoint","urlTemplate":"https:\/\/quartiere-immobilien.de\/?s={search_term_string}"},"query-input":{"@type":"PropertyValueSpecification","valueRequired":true,"valueName":"search_term_string"}}],"inLanguage":"en-US"},{"@type":["Person","Organization"],"@id":"https:\/\/quartiere-immobilien.de\/#\/schema\/person\/c50210d0ae2919c13af2895489aa322c","name":"Ulrike Kuepper","image":{"@type":"ImageObject","inLanguage":"en-US","@id":"https:\/\/quartiere-immobilien.de\/wp-content\/uploads\/ulrike-kuepper-74_saskianathaliebetz_mobile.jpg","url":"https:\/\/quartiere-immobilien.de\/wp-content\/uploads\/ulrike-kuepper-74_saskianathaliebetz_mobile.jpg","contentUrl":"https:\/\/quartiere-immobilien.de\/wp-content\/uploads\/ulrike-kuepper-74_saskianathaliebetz_mobile.jpg","width":501,"height":500,"caption":"Ulrike Kuepper"},"logo":{"@id":"https:\/\/quartiere-immobilien.de\/wp-content\/uploads\/ulrike-kuepper-74_saskianathaliebetz_mobile.jpg"},"sameAs":["https:\/\/quartiere-immobilien.de\/"]}]}},"_links":{"self":[{"href":"https:\/\/quartiere-immobilien.de\/en\/wp-json\/wp\/v2\/pages\/1590","targetHints":{"allow":["GET"]}}],"collection":[{"href":"https:\/\/quartiere-immobilien.de\/en\/wp-json\/wp\/v2\/pages"}],"about":[{"href":"https:\/\/quartiere-immobilien.de\/en\/wp-json\/wp\/v2\/types\/page"}],"author":[{"embeddable":true,"href":"https:\/\/quartiere-immobilien.de\/en\/wp-json\/wp\/v2\/users\/1"}],"replies":[{"embeddable":true,"href":"https:\/\/quartiere-immobilien.de\/en\/wp-json\/wp\/v2\/comments?post=1590"}],"version-history":[{"count":0,"href":"https:\/\/quartiere-immobilien.de\/en\/wp-json\/wp\/v2\/pages\/1590\/revisions"}],"wp:featuredmedia":[{"embeddable":true,"href":"https:\/\/quartiere-immobilien.de\/en\/wp-json\/wp\/v2\/media\/1480"}],"wp:attachment":[{"href":"https:\/\/quartiere-immobilien.de\/en\/wp-json\/wp\/v2\/media?parent=1590"}],"curies":[{"name":"wp","href":"https:\/\/api.w.org\/{rel}","templated":true}]}}